{"id":17999,"date":"2025-03-10T21:39:00","date_gmt":"2025-03-10T21:39:00","guid":{"rendered":"https:\/\/equipardentalcr.com\/main\/?post_type=product&#038;p=17999"},"modified":"2025-03-12T05:13:22","modified_gmt":"2025-03-12T05:13:22","slug":"eagle-2d-pan-cef","status":"publish","type":"product","link":"https:\/\/equipardentalcr.com\/main\/product\/eagle-2d-pan-cef\/","title":{"rendered":"Eagle 2D Pan\/Cef"},"content":{"rendered":"<h2>Tecnolog\u00eda<strong> Eagle<\/strong><\/h2>\n<p><br data-cke-filler=\"true\"><\/p>\n<h4><strong>Posici\u00f3n precisa del paciente<\/strong><\/h4>\n<p>El ajuste de altura de 1,20m a 2m, la posici\u00f3n frontal del paciente &#8211; operador, el mordedor con giro bloqueado, el apoyo del ment\u00f3n, los apoyos de t\u00e9mpora y los tres rayos l\u00e1ser (planos Frankfurt, Sagital Mediano Y Canino) garantizan la posici\u00f3n precisa del paciente, incluso de minusv\u00e1lidos.<\/p>\n<p><br data-cke-filler=\"true\"><\/p>\n<h4><strong>Procesamento Automactico de Imagen<\/strong><\/h4>\n<p>A parte del perfil seleccionado, las im\u00e1genes son autom\u00e1ticamente procesadas y exhibidas dentro de los par\u00e1metros del sharpen, brillo y contraste previamente determinado dando agilidad al flujo de trabajo.<\/p>\n<p><br data-cke-filler=\"true\"><\/p>\n<h4><strong>Servidor DICOM<\/strong><\/h4>\n<p>La herramienta DICOM Send del software Eagle permite el envi\u00f3 instant\u00e1neo de las im\u00e1genes generadas por Eagle a sistemas de almacenamiento de im\u00e1genes en locales f\u00edsicamente distintos. Recurso extremamente \u00fatil para redes de cl\u00ednicas que pueden descentralizar la adquisici\u00f3n de im\u00e1genes y centralizar informes.<\/p>\n<p><br data-cke-filler=\"true\"><\/p>\n<h4><strong>Ampliaci\u00f3n vertical constante<\/strong><\/h4>\n<p>Sistema rob\u00f3tico de movimientos suaves y sin vibraciones, especialmente desarrollado para las im\u00e1genes de ultra definici\u00f3n en endodoncia. El sistema de movimiento de ultima generaci\u00f3n Eagle presenta tres ejes, siendo dos direcciones ortogonales y una rotaci\u00f3n permitiendo m\u00e1s flexibilidad en la elaboraci\u00f3n de los perfiles radiogr\u00e1ficos optimizaci\u00f3n de espesor de plan de corte. Ampliaci\u00f3n vertical constante y como consecuencia mejores im\u00e1genes.<\/p>\n<p><br data-cke-filler=\"true\"><\/p>\n<h4><strong>Eagle Smart Contrast\u00ae<\/strong><\/h4>\n<p>El algoritmo Eagle Smart Contrast\u00ae es una herramienta innovadora que act\u00faa en todas las regiones de la imagen, tratando y perfeccionando el contraste de cada \u00e1rea individualmente. El resultado es una imagen homog\u00e9nea y sin ruido, permitiendo la visualizaci\u00f3n de detalles y consecuentemente un mejor diagn\u00f3stico.<\/p>\n<p><br data-cke-filler=\"true\"><\/p>\n<h4><strong>Im\u00e1genes instant\u00e1neas en el iPad<\/strong><\/h4>\n<p>El software Eagle permite que las tomas radiogr\u00e1ficas sean enviadas de forma instant\u00e1nea por wire-less a toda la cl\u00ednica y se puede acceder a ellas con total seguridad por cualquier iPad, tablet o notebook. Gana tiempo, comparte im\u00e1genes por la red y tambi\u00e9n impresiona a sus clientes con la tecnolog\u00eda de su cl\u00ednica.<\/p>\n<p><br data-cke-filler=\"true\"><\/p>\n<p>PERFILES PANOR\u00c1MICOS<\/p>\n<figure class=\"image ck-widget\" contenteditable=\"false\"> <img decoding=\"async\" src=\"http:\/\/eagle-image.com\/img\/examaes\/1.jpg\" alt=\"\"><figcaption class=\"ck-placeholder ck-editor__editable ck-editor__nested-editable ck-hidden\" data-placeholder=\"Enter image caption\" contenteditable=\"true\"><br data-cke-filler=\"true\"><\/figcaption><\/figure>\n<p>PERFIL PAN<\/p>\n<p>Esta exposici\u00f3n tiene magnificaci\u00f3n vertical constante en la regi\u00f3n de la arcada dentaria, \u00f3ptimo ancho de plano de corte y prioriza homogeneidad de exposici\u00f3n durante toda la imagen.<\/p>\n<p><br data-cke-filler=\"true\"><\/p>\n<figure class=\"image ck-widget\" contenteditable=\"false\"> <img decoding=\"async\" src=\"http:\/\/eagle-image.com\/img\/examaes\/2.jpg\" alt=\"\"><figcaption class=\"ck-placeholder ck-editor__editable ck-editor__nested-editable ck-hidden\" data-placeholder=\"Enter image caption\" contenteditable=\"true\"><br data-cke-filler=\"true\"><\/figcaption><\/figure>\n<p>ATM<\/p>\n<p>Esta exposici\u00f3n doble muestra la regi\u00f3n de los c\u00f3ndilos con la boca abierta y cerrada en la misma imagen.<\/p>\n<figure class=\"image ck-widget\" contenteditable=\"false\"> <img decoding=\"async\" src=\"http:\/\/eagle-image.com\/img\/examaes\/3.jpg\" alt=\"\"><figcaption class=\"ck-placeholder ck-editor__editable ck-editor__nested-editable ck-hidden\" data-placeholder=\"Enter image caption\" contenteditable=\"true\"><br data-cke-filler=\"true\"><\/figcaption><\/figure>\n<p>SENOS MAXILARES<\/p>\n<p>Esta exposici\u00f3n se centra en la regi\u00f3n de los senos maxilares.<\/p>\n<figure class=\"image ck-widget\" contenteditable=\"false\"> <img decoding=\"async\" src=\"http:\/\/eagle-image.com\/img\/examaes\/4.jpg\" alt=\"\"><figcaption class=\"ck-placeholder ck-editor__editable ck-editor__nested-editable ck-hidden\" data-placeholder=\"Enter image caption\" contenteditable=\"true\"><br data-cke-filler=\"true\"><\/figcaption><\/figure>\n<p>ORTOGONALIDADE MEJORADA*<\/p>\n<p>Esta exposici\u00f3n contiene el perfil panor\u00e1mico est\u00e1ndar con ortogonalidad mejorada de los rayos con relaci\u00f3n a los \u00e1ngulos, propiciando menos reconstrucci\u00f3n de los dientes en la exposici\u00f3n..<\/p>\n<figure class=\"image ck-widget\" contenteditable=\"false\"> <img decoding=\"async\" src=\"http:\/\/eagle-image.com\/img\/examaes\/5.jpg\" alt=\"\"><figcaption class=\"ck-placeholder ck-editor__editable ck-editor__nested-editable ck-hidden\" data-placeholder=\"Enter image caption\" contenteditable=\"true\"><br data-cke-filler=\"true\"><\/figcaption><\/figure>\n<p>BAJA DOSIS<\/p>\n<p>Esta exposici\u00f3n corresponde al perfil panor\u00e1mico est\u00e1ndar ejecutado de forma m\u00e1s r\u00e1pida y con menor corriente an\u00f3dica (mA). La calidad de la imagen para diagn\u00f3stico es adecuada aunque la dosis sea menor que la panor\u00e1mica est\u00e1ndar, con \u00f3ptima calidad para el diagn\u00f3stico..<\/p>\n<figure class=\"image ck-widget\" contenteditable=\"false\"> <img decoding=\"async\" src=\"http:\/\/eagle-image.com\/img\/examaes\/6.jpg\" alt=\"\"><figcaption class=\"ck-placeholder ck-editor__editable ck-editor__nested-editable ck-hidden\" data-placeholder=\"Enter image caption\" contenteditable=\"true\"><br data-cke-filler=\"true\"><\/figcaption><\/figure>\n<p>PANOR\u00c1MICA NI\u00d1O<\/p>\n<p>Esta exposici\u00f3n cuenta con un perfil 15% menor que el perfil panor\u00e1mico est\u00e1ndar.<\/p>\n<figure class=\"image ck-widget\" contenteditable=\"false\"> <img decoding=\"async\" src=\"http:\/\/eagle-image.com\/img\/examaes\/7.jpg\" alt=\"\"><figcaption class=\"ck-placeholder ck-editor__editable ck-editor__nested-editable ck-hidden\" data-placeholder=\"Enter image caption\" contenteditable=\"true\"><br data-cke-filler=\"true\"><\/figcaption><\/figure>\n<p>BITEWING<\/p>\n<p>Esta exposici\u00f3n tiene un perfil de imagen tipo bitewing del \u00e1rea de premolares y molares, incluyendo las partes de maxilar, mand\u00edbula y ramos.<\/p>\n<figure class=\"image ck-widget\" contenteditable=\"false\"> <img decoding=\"async\" src=\"http:\/\/eagle-image.com\/img\/examaes\/8.jpg\" alt=\"\"><figcaption class=\"ck-placeholder ck-editor__editable ck-editor__nested-editable ck-hidden\" data-placeholder=\"Enter image caption\" contenteditable=\"true\"><br data-cke-filler=\"true\"><\/figcaption><\/figure>\n<p>ORTOGONALIDADE MEJORADA<\/p>\n<p>Esta exposici\u00f3n contiene el perfil panor\u00e1mico est\u00e1ndar con ortogonalidad mejorada de los rayos con relaci\u00f3n a los \u00e1ngulos, propiciando menos reconstrucci\u00f3n de los dientes en la exposici\u00f3n.<\/p>\n<p><br data-cke-filler=\"true\"><\/p>\n<p><br data-cke-filler=\"true\"><\/p>\n<p>PERFILES CEFALOM\u00c9TRICOS<\/p>\n<figure class=\"image ck-widget\" contenteditable=\"false\"> <img decoding=\"async\" src=\"http:\/\/eagle-image.com\/img\/examaes\/p7_a.jpg\" alt=\"\"><figcaption class=\"ck-placeholder ck-editor__editable ck-editor__nested-editable ck-hidden\" data-placeholder=\"Enter image caption\" contenteditable=\"true\"><br data-cke-filler=\"true\"><\/figcaption><\/figure>\n<p>DIGITAL CEPH PROFILE<\/p>\n<p>Con este perfil es posible obtener las siguientes im\u00e1genes digitales:<br \/><strong>PA; Posterior-Anterior<\/strong><br \/><strong>AP; Anterior-Posterior<\/strong><br \/><strong>45 Grados<\/strong><br \/><strong>Lateral<\/strong><br \/><strong>Carpal<\/strong><br \/><strong>PA de Waters<\/strong><br \/><strong>Axial Basal &#8211; Hirtz.<\/strong><\/p>\n<p><br data-cke-filler=\"true\"><\/p>\n<figure class=\"image ck-widget\" contenteditable=\"false\"> <img decoding=\"async\" src=\"http:\/\/eagle-image.com\/img\/examaes\/p11_a.jpg\" alt=\"\"><figcaption class=\"ck-placeholder ck-editor__editable ck-editor__nested-editable ck-hidden\" data-placeholder=\"Enter image caption\" contenteditable=\"true\"><br data-cke-filler=\"true\"><\/figcaption><\/figure>\n<p>PERFIL CEFALOM\u00c9TRICO DIGITAL BAJA DOSIS<\/p>\n<p>Con este perfil es posible realizar una tele lateral con un \u00e1rea de exposici\u00f3n menor y con ello una dosis menor para el paciente.<\/p>\n<p><br data-cke-filler=\"true\"><\/p>\n<figure class=\"table ck-widget ck-widget_with-selection-handler\" contenteditable=\"false\">\n<table>\n<tbody>\n<tr>\n<th class=\"ck-editor__editable ck-editor__nested-editable\" contenteditable=\"true\"><span>Alimentaci\u00f3n el\u00e9ctrica<\/span><\/th>\n<td class=\"ck-editor__editable ck-editor__nested-editable\" contenteditable=\"true\"><span>110\/127\/220 o 240V<\/span><\/td>\n<\/tr>\n<tr>\n<th class=\"ck-editor__editable ck-editor__nested-editable\" contenteditable=\"true\"><span>Consumo de potencia<\/span><\/th>\n<td class=\"ck-editor__editable ck-editor__nested-editable\" contenteditable=\"true\"><span>1,25 KVA<\/span><\/td>\n<\/tr>\n<tr>\n<th class=\"ck-editor__editable ck-editor__nested-editable\" contenteditable=\"true\"><span>Frecuencia de operaci\u00f3n<\/span><\/th>\n<td class=\"ck-editor__editable ck-editor__nested-editable\" contenteditable=\"true\"><span>50 o 60 kHz<\/span><\/td>\n<\/tr>\n<tr>\n<th class=\"ck-editor__editable ck-editor__nested-editable\" contenteditable=\"true\"><span>Tipo de generador<\/span><\/th>\n<td class=\"ck-editor__editable ck-editor__nested-editable\" contenteditable=\"true\"><span>Alta Frecuencia<\/span><\/td>\n<\/tr>\n<tr>\n<th class=\"ck-editor__editable ck-editor__nested-editable\" contenteditable=\"true\"><span>Punto focal<\/span><\/th>\n<td class=\"ck-editor__editable ck-editor__nested-editable\" contenteditable=\"true\"><span>0,5mm<\/span><\/td>\n<\/tr>\n<tr>\n<th class=\"ck-editor__editable ck-editor__nested-editable\" contenteditable=\"true\"><span>Tensi\u00f3n del tubo<\/span><\/th>\n<td class=\"ck-editor__editable ck-editor__nested-editable\" contenteditable=\"true\"><span>60-85kV<\/span><\/td>\n<\/tr>\n<tr>\n<th class=\"ck-editor__editable ck-editor__nested-editable\" contenteditable=\"true\"><span>Corriente del tubo<\/span><\/th>\n<td class=\"ck-editor__editable ck-editor__nested-editable\" contenteditable=\"true\"><span>6,3-8mA<\/span><\/td>\n<\/tr>\n<tr>\n<th class=\"ck-editor__editable ck-editor__nested-editable\" contenteditable=\"true\"><span>Detector de imagen<\/span><\/th>\n<td class=\"ck-editor__editable ck-editor__nested-editable\" contenteditable=\"true\"><span>CCD<\/span><\/td>\n<\/tr>\n<tr>\n<th class=\"ck-editor__editable ck-editor__nested-editable\" contenteditable=\"true\"><span>Tama\u00f1o&nbsp;del pixel<\/span><\/th>\n<td class=\"ck-editor__editable ck-editor__nested-editable\" contenteditable=\"true\"><span>108 \u00b5m (Pan o Tele)<\/span><\/td>\n<\/tr>\n<tr>\n<th class=\"ck-editor__editable ck-editor__nested-editable\" contenteditable=\"true\"><span>Pantalla<\/span><\/th>\n<td class=\"ck-editor__editable ck-editor__nested-editable\" contenteditable=\"true\"><span>LCD<\/span><\/td>\n<\/tr>\n<tr>\n<th class=\"ck-editor__editable ck-editor__nested-editable\" contenteditable=\"true\"><span>Perfil panor\u00e1mico<\/span><\/th>\n<td class=\"ck-editor__editable ck-editor__nested-editable\" contenteditable=\"true\"><span>Si<\/span><\/td>\n<\/tr>\n<tr>\n<th class=\"ck-editor__editable ck-editor__nested-editable\" contenteditable=\"true\"><span>Perfil cefalom\u00e9trico<\/span><\/th>\n<td class=\"ck-editor__editable ck-editor__nested-editable\" contenteditable=\"true\"><span>Si<\/span><\/td>\n<\/tr>\n<tr>\n<th class=\"ck-editor__editable ck-editor__nested-editable\" contenteditable=\"true\"><span><br data-cke-filler=\"true\"><\/span><\/th>\n<td class=\"ck-editor__editable ck-editor__nested-editable\" contenteditable=\"true\"><span><br data-cke-filler=\"true\"><\/span><\/td>\n<\/tr>\n<tr>\n<th class=\"ck-editor__editable ck-editor__nested-editable\" contenteditable=\"true\"><span>Cantidad de sensores<\/span><\/th>\n<td class=\"ck-editor__editable ck-editor__nested-editable\" contenteditable=\"true\"><span>1 sensor o 2 sensores<\/span><\/td>\n<\/tr>\n<tr>\n<th class=\"ck-editor__editable ck-editor__nested-editable\" contenteditable=\"true\"><span>Base<\/span><\/th>\n<td class=\"ck-editor__editable ck-editor__nested-editable\" contenteditable=\"true\"><span>Inclu\u00edda<\/span><\/td>\n<\/tr>\n<tr>\n<th class=\"ck-editor__editable ck-editor__nested-editable\" contenteditable=\"true\"><span>Accesible para minusv\u00e1lido<\/span><\/th>\n<td class=\"ck-editor__editable ck-editor__nested-editable\" contenteditable=\"true\"><span>Si<\/span><\/td>\n<\/tr>\n<tr>\n<th class=\"ck-editor__editable ck-editor__nested-editable\" contenteditable=\"true\"><span><br data-cke-filler=\"true\"><\/span><\/th>\n<td class=\"ck-editor__editable ck-editor__nested-editable\" contenteditable=\"true\"><span><br data-cke-filler=\"true\"><\/span><\/td>\n<\/tr>\n<tr>\n<th class=\"ck-editor__editable ck-editor__nested-editable\" contenteditable=\"true\"><span><strong>INFORMACIONES RADIOL\u00d3GICAS &#8211; Panor\u00e1mica<\/strong><\/span><\/th>\n<td class=\"ck-editor__editable ck-editor__nested-editable\" contenteditable=\"true\"><span><br data-cke-filler=\"true\"><\/span><\/td>\n<\/tr>\n<tr>\n<th class=\"ck-editor__editable ck-editor__nested-editable\" contenteditable=\"true\"><span><strong>Exposici\u00f3n (tiempo\/corriente):<\/strong><\/span><\/th>\n<td class=\"ck-editor__editable ck-editor__nested-editable\" contenteditable=\"true\"><span><br data-cke-filler=\"true\"><\/span><\/td>\n<\/tr>\n<tr>\n<th class=\"ck-editor__editable ck-editor__nested-editable ck-editor__nested-editable_focused\" contenteditable=\"true\"><span>Panor\u00e1mica&nbsp;<\/span><\/th>\n<td class=\"ck-editor__editable ck-editor__nested-editable\" contenteditable=\"true\"><span>14s &#8211; 8mA<\/span><\/td>\n<\/tr>\n<tr>\n<th class=\"ck-editor__editable ck-editor__nested-editable\" contenteditable=\"true\"><span>Ortogonalidad Aproximada<\/span><\/th>\n<td class=\"ck-editor__editable ck-editor__nested-editable\" contenteditable=\"true\"><span>14s &#8211; 8mA<\/span><\/td>\n<\/tr>\n<tr>\n<th class=\"ck-editor__editable ck-editor__nested-editable\" contenteditable=\"true\"><span>Panor\u00e1mica baja dosis<\/span><\/th>\n<td class=\"ck-editor__editable ck-editor__nested-editable\" contenteditable=\"true\"><span>13s &#8211; 6,3mA<\/span><\/td>\n<\/tr>\n<tr>\n<th class=\"ck-editor__editable ck-editor__nested-editable\" contenteditable=\"true\"><span>Panor\u00e1mica ni\u00f1o<\/span><\/th>\n<td class=\"ck-editor__editable ck-editor__nested-editable\" contenteditable=\"true\"><span>11,5s &#8211; 6,3 mA<\/span><\/td>\n<\/tr>\n<tr>\n<th class=\"ck-editor__editable ck-editor__nested-editable\" contenteditable=\"true\"><span>Bitewing<\/span><\/th>\n<td class=\"ck-editor__editable ck-editor__nested-editable\" contenteditable=\"true\"><span>7,6s &#8211; 8mA<\/span><\/td>\n<\/tr>\n<tr>\n<th class=\"ck-editor__editable ck-editor__nested-editable\" contenteditable=\"true\"><span>Bitewing Ortogonalidad&nbsp;Aprimorada<\/span><\/th>\n<td class=\"ck-editor__editable ck-editor__nested-editable\" contenteditable=\"true\"><span>7,6s &#8211; 8mA<\/span><\/td>\n<\/tr>\n<tr>\n<th class=\"ck-editor__editable ck-editor__nested-editable\" contenteditable=\"true\"><span>Senos maxilares<\/span><\/th>\n<td class=\"ck-editor__editable ck-editor__nested-editable\" contenteditable=\"true\"><span>8s &#8211; 8mA<\/span><\/td>\n<\/tr>\n<tr>\n<th class=\"ck-editor__editable ck-editor__nested-editable\" contenteditable=\"true\"><span>ATM<\/span><\/th>\n<td class=\"ck-editor__editable ck-editor__nested-editable\" contenteditable=\"true\"><span>10s &#8211; 8mA<\/span><\/td>\n<\/tr>\n<tr>\n<th class=\"ck-editor__editable ck-editor__nested-editable\" contenteditable=\"true\"><span>Ampliaci\u00f3n media<\/span><\/th>\n<td class=\"ck-editor__editable ck-editor__nested-editable\" contenteditable=\"true\"><span>1:1,22<\/span><\/td>\n<\/tr>\n<tr>\n<th class=\"ck-editor__editable ck-editor__nested-editable\" contenteditable=\"true\"><span><br data-cke-filler=\"true\"><\/span><\/th>\n<td class=\"ck-editor__editable ck-editor__nested-editable\" contenteditable=\"true\"><span><br data-cke-filler=\"true\"><\/span><\/td>\n<\/tr>\n<tr>\n<th class=\"ck-editor__editable ck-editor__nested-editable\" contenteditable=\"true\"><span><strong>INFORMACIONES RADIOL\u00d3GICAS &#8211; CEFALOM\u00c9TRICA<\/strong><\/span><\/th>\n<td class=\"ck-editor__editable ck-editor__nested-editable\" contenteditable=\"true\"><span><br data-cke-filler=\"true\"><\/span><\/td>\n<\/tr>\n<tr>\n<th class=\"ck-editor__editable ck-editor__nested-editable\" contenteditable=\"true\"><span><strong>Exposici\u00f3n (tiempo\/corriente):<\/strong><\/span><\/th>\n<td class=\"ck-editor__editable ck-editor__nested-editable\" contenteditable=\"true\"><span><br data-cke-filler=\"true\"><\/span><\/td>\n<\/tr>\n<tr>\n<th class=\"ck-editor__editable ck-editor__nested-editable\" contenteditable=\"true\"><span>Cefalom\u00e9trica anal\u00f3gica<\/span><\/th>\n<td class=\"ck-editor__editable ck-editor__nested-editable\" contenteditable=\"true\"><span>0,1 a 3s &#8211; 8mA<\/span><\/td>\n<\/tr>\n<tr>\n<th class=\"ck-editor__editable ck-editor__nested-editable\" contenteditable=\"true\"><span>Cefalom\u00e9trica digital completa<\/span><\/th>\n<td class=\"ck-editor__editable ck-editor__nested-editable\" contenteditable=\"true\"><span>10 o&nbsp;16s &#8211; 8mA<\/span><\/td>\n<\/tr>\n<tr>\n<th class=\"ck-editor__editable ck-editor__nested-editable\" contenteditable=\"true\"><span>Cefalom\u00e9trica digital baja dosis<\/span><\/th>\n<td class=\"ck-editor__editable ck-editor__nested-editable\" contenteditable=\"true\"><span>6,6 o&nbsp;11s &#8211; 8mA<\/span><\/td>\n<\/tr>\n<tr>\n<th class=\"ck-editor__editable ck-editor__nested-editable\" contenteditable=\"true\"><span>Ampliaci\u00f3n media<\/span><\/th>\n<td class=\"ck-editor__editable ck-editor__nested-editable\" contenteditable=\"true\"><span>1:1,11<\/span><\/td>\n<\/tr>\n<tr>\n<th class=\"ck-editor__editable ck-editor__nested-editable\" contenteditable=\"true\"><span><br data-cke-filler=\"true\"><\/span><\/th>\n<td class=\"ck-editor__editable ck-editor__nested-editable\" contenteditable=\"true\"><span><br data-cke-filler=\"true\"><\/span><\/td>\n<\/tr>\n<tr>\n<th class=\"ck-editor__editable ck-editor__nested-editable\" contenteditable=\"true\"><span><strong>ESPECIFICACIONES DEL EQUIPO<\/strong><\/span><\/th>\n<td class=\"ck-editor__editable ck-editor__nested-editable\" contenteditable=\"true\"><span><br data-cke-filler=\"true\"><\/span><\/td>\n<\/tr>\n<tr>\n<th class=\"ck-editor__editable ck-editor__nested-editable\" contenteditable=\"true\"><span>Sistema Operativo<\/span><\/th>\n<td class=\"ck-editor__editable ck-editor__nested-editable\" contenteditable=\"true\"><span>Windows 7 Professional &#8211; 64Bits<br \/>Windows 8 Professional &#8211; 64Bits<br \/>Windows 8.1 Professional &#8211; 64Bits<br \/>Windows 10 Professional &#8211; 64Bits<\/span><\/td>\n<\/tr>\n<tr>\n<th class=\"ck-editor__editable ck-editor__nested-editable\" contenteditable=\"true\"><span>CPU<\/span><\/th>\n<td class=\"ck-editor__editable ck-editor__nested-editable\" contenteditable=\"true\"><span>Intel Core i5 3.6 GHz o mayor<\/span><\/td>\n<\/tr>\n<tr>\n<th class=\"ck-editor__editable ck-editor__nested-editable\" contenteditable=\"true\"><span>RAM<\/span><\/th>\n<td class=\"ck-editor__editable ck-editor__nested-editable\" contenteditable=\"true\"><span>8GB DDR2 SDRAM<\/span><\/td>\n<\/tr>\n<tr>\n<th class=\"ck-editor__editable ck-editor__nested-editable\" contenteditable=\"true\"><span>HDD<\/span><\/th>\n<td class=\"ck-editor__editable ck-editor__nested-editable\" contenteditable=\"true\"><span>1TB o mayor<\/span><\/td>\n<\/tr>\n<tr>\n<th class=\"ck-editor__editable ck-editor__nested-editable\" contenteditable=\"true\"><span>PCI<\/span><\/th>\n<td class=\"ck-editor__editable ck-editor__nested-editable\" contenteditable=\"true\"><span>2x PCI Express (PCIe) slot<\/span><\/td>\n<\/tr>\n<tr>\n<th class=\"ck-editor__editable ck-editor__nested-editable\" contenteditable=\"true\"><span>NIC<\/span><\/th>\n<td class=\"ck-editor__editable ck-editor__nested-editable\" contenteditable=\"true\"><span>Gigabit Ethernet dedicated<\/span><\/td>\n<\/tr>\n<tr>\n<th class=\"ck-editor__editable ck-editor__nested-editable\" contenteditable=\"true\"><span>Video<\/span><\/th>\n<td class=\"ck-editor__editable ck-editor__nested-editable\" contenteditable=\"true\"><span>&#8211;<\/span><\/td>\n<\/tr>\n<tr>\n<th class=\"ck-editor__editable ck-editor__nested-editable\" contenteditable=\"true\"><span>USB Connector<\/span><\/th>\n<td class=\"ck-editor__editable ck-editor__nested-editable\" contenteditable=\"true\"><span>2x USB 2.0<\/span><\/td>\n<\/tr>\n<tr>\n<th class=\"ck-editor__editable ck-editor__nested-editable\" contenteditable=\"true\"><span>Monitor<\/span><\/th>\n<td class=\"ck-editor__editable ck-editor__nested-editable\" contenteditable=\"true\"><span>1920 x 1080 &#8211; Full HD<\/span><\/td>\n<\/tr>\n<\/tbody>\n<\/table>\n<\/figure>\n<p><br data-cke-filler=\"true\"><\/p>\n<p><br data-cke-filler=\"true\"><\/p>\n","protected":false},"excerpt":{"rendered":"<p>Rayos X digital panor\u00e1mico y cefalom\u00e9trico<\/p>\n","protected":false},"featured_media":18022,"template":"","meta":{"_acf_changed":false,"om_disable_all_campaigns":false,"_monsterinsights_skip_tracking":false,"_monsterinsights_sitenote_active":false,"_monsterinsights_sitenote_note":"","_monsterinsights_sitenote_category":0},"product_brand":[841],"product_cat":[817,802],"product_tag":[819,821,818,820,787],"class_list":{"0":"post-17999","1":"product","2":"type-product","3":"status-publish","4":"has-post-thumbnail","6":"product_brand-dabiatlante","7":"product_cat-panoramico-cefalometrico","8":"product_cat-sistemas-radio-visiografia","9":"product_tag-2d","10":"product_tag-cefalometrico","11":"product_tag-digital","12":"product_tag-panoramico","13":"product_tag-rayosx","15":"first","16":"instock","17":"featured","18":"shipping-taxable","19":"product-type-simple"},"acf":[],"aioseo_notices":[],"_links":{"self":[{"href":"https:\/\/equipardentalcr.com\/main\/wp-json\/wp\/v2\/product\/17999","targetHints":{"allow":["GET"]}}],"collection":[{"href":"https:\/\/equipardentalcr.com\/main\/wp-json\/wp\/v2\/product"}],"about":[{"href":"https:\/\/equipardentalcr.com\/main\/wp-json\/wp\/v2\/types\/product"}],"wp:featuredmedia":[{"embeddable":true,"href":"https:\/\/equipardentalcr.com\/main\/wp-json\/wp\/v2\/media\/18022"}],"wp:attachment":[{"href":"https:\/\/equipardentalcr.com\/main\/wp-json\/wp\/v2\/media?parent=17999"}],"wp:term":[{"taxonomy":"product_brand","embeddable":true,"href":"https:\/\/equipardentalcr.com\/main\/wp-json\/wp\/v2\/product_brand?post=17999"},{"taxonomy":"product_cat","embeddable":true,"href":"https:\/\/equipardentalcr.com\/main\/wp-json\/wp\/v2\/product_cat?post=17999"},{"taxonomy":"product_tag","embeddable":true,"href":"https:\/\/equipardentalcr.com\/main\/wp-json\/wp\/v2\/product_tag?post=17999"}],"curies":[{"name":"wp","href":"https:\/\/api.w.org\/{rel}","templated":true}]}}