{"id":17995,"date":"2025-03-10T21:39:00","date_gmt":"2025-03-10T21:39:00","guid":{"rendered":"https:\/\/equipardentalcr.com\/main\/?post_type=product&#038;p=17995"},"modified":"2025-03-12T05:15:27","modified_gmt":"2025-03-12T05:15:27","slug":"lavadora-ultrasonica","status":"publish","type":"product","link":"https:\/\/equipardentalcr.com\/main\/product\/lavadora-ultrasonica\/","title":{"rendered":"Lavadora Ultras\u00f3nica"},"content":{"rendered":"<p>&#8211; Pantalla digital LED con tiempo de funcionamiento y temperatura del agua<\/p>\n<p>&#8211; Selector de ajuste de tiempo del ciclo de lavado, con agua caliente<\/p>\n<p>&#8211; Tina con iluminaci\u00f3n LED interna<\/p>\n<p>&#8211; Generadores de vibraci\u00f3n ultras\u00f3nica: ondas distribuidas uniformemente, que proporcionan una limpieza m\u00e1s profunda llegando a zonas inaccesibles cuando comparado al proceso de lavado manual<\/p>\n<p>&#8211; Los calentadores de cer\u00e1mica: garantizan una mayor seguridad, eficiencia y aumentan la vida \u00fatil del equipo<\/p>\n<p>&#8211; V\u00e1lvula de drenaje: facilita el vaciado del agua de la lavadora (6litros)<\/p>\n<p>&#8211; Funci\u00f3n de gasificaci\u00f3n: relacionada con la eliminaci\u00f3n de gotas y burbujas de aire en las paredes del tanque, mejorando la eficiencia de la limpieza<\/p>\n","protected":false},"excerpt":{"rendered":"<p>Lavadora Ultras\u00f3nica 6L<\/p>\n","protected":false},"featured_media":18018,"template":"","meta":{"_acf_changed":false,"om_disable_all_campaigns":false,"_monsterinsights_skip_tracking":false,"_monsterinsights_sitenote_active":false,"_monsterinsights_sitenote_note":"","_monsterinsights_sitenote_category":0},"product_brand":[841],"product_cat":[797,798,753],"product_tag":[801,796,799,800],"class_list":{"0":"post-17995","1":"product","2":"type-product","3":"status-publish","4":"has-post-thumbnail","6":"product_brand-dabiatlante","7":"product_cat-lavadora-ultrasonica-6l","8":"product_cat-lavadora-ultrasonica-6l-lavadora-ultrasonica-6l","9":"product_cat-perifericos-dentales","10":"product_tag-6l","11":"product_tag-dabiatlante","12":"product_tag-lavadora","13":"product_tag-ultrasonica","15":"first","16":"instock","17":"featured","18":"shipping-taxable","19":"product-type-simple"},"acf":[],"aioseo_notices":[],"_links":{"self":[{"href":"https:\/\/equipardentalcr.com\/main\/wp-json\/wp\/v2\/product\/17995","targetHints":{"allow":["GET"]}}],"collection":[{"href":"https:\/\/equipardentalcr.com\/main\/wp-json\/wp\/v2\/product"}],"about":[{"href":"https:\/\/equipardentalcr.com\/main\/wp-json\/wp\/v2\/types\/product"}],"wp:featuredmedia":[{"embeddable":true,"href":"https:\/\/equipardentalcr.com\/main\/wp-json\/wp\/v2\/media\/18018"}],"wp:attachment":[{"href":"https:\/\/equipardentalcr.com\/main\/wp-json\/wp\/v2\/media?parent=17995"}],"wp:term":[{"taxonomy":"product_brand","embeddable":true,"href":"https:\/\/equipardentalcr.com\/main\/wp-json\/wp\/v2\/product_brand?post=17995"},{"taxonomy":"product_cat","embeddable":true,"href":"https:\/\/equipardentalcr.com\/main\/wp-json\/wp\/v2\/product_cat?post=17995"},{"taxonomy":"product_tag","embeddable":true,"href":"https:\/\/equipardentalcr.com\/main\/wp-json\/wp\/v2\/product_tag?post=17995"}],"curies":[{"name":"wp","href":"https:\/\/api.w.org\/{rel}","templated":true}]}}