{"id":17991,"date":"2025-03-10T21:38:59","date_gmt":"2025-03-10T21:38:59","guid":{"rendered":"https:\/\/equipardentalcr.com\/main\/?post_type=product&#038;p=17991"},"modified":"2025-03-12T05:16:23","modified_gmt":"2025-03-12T05:16:23","slug":"rayos-x-de-pared","status":"publish","type":"product","link":"https:\/\/equipardentalcr.com\/main\/product\/rayos-x-de-pared\/","title":{"rendered":"Rayos X de Pared"},"content":{"rendered":"<p style=\"text-align:justify;\">\u00b7&nbsp; &nbsp; &nbsp; &nbsp; &nbsp;Brazos articulado confeccionados en acero y acero cubierto con ABS inyectado de alto impacto, con alcance horizontal de 1104 mm y vertical de 620 mm,; mec\u00e1nicamente balanceados a trav\u00e9s de resortes que compensan el peso del aparato, hacen que el posicionamiento del cabezal sea f\u00e1cil y preciso, hasta en las radiograf\u00edas m\u00e1s dif\u00edciles.<\/p>\n<p style=\"text-align:justify;\">\u00b7&nbsp; &nbsp; &nbsp; &nbsp; &nbsp;Cabezal con sistema de conexi\u00f3n a tierra para mayor protecci\u00f3n del operador; ampolla importada marca Toshiba proporciona mayor seguridad en cuanto a la eficacia y durabilidad en funci\u00f3n de la experiencia internacional del fabricante; dos limitadores en la articulaci\u00f3n ofrecen protecci\u00f3n a los cables el\u00e9ctricos.<\/p>\n<p style=\"text-align:justify;\">\u00b7&nbsp; &nbsp; &nbsp; &nbsp; &nbsp;La inmersi\u00f3n en aceite garantiza refrigeraci\u00f3n y aislamiento eficaces, a\u00fan en los casos de uso intensivo.<\/p>\n<p style=\"text-align:justify;\">\u00b7&nbsp; &nbsp; &nbsp; &nbsp; &nbsp;C\u00e1mara expansora de goma con potencial resistencia a la elasticidad y cambio de tama\u00f1o garantiza la protecci\u00f3n del cabezal, del operador y del paciente, ya que el aceite calentado a altas temperaturas dilata con seguridad reduciendo la presi\u00f3n volum\u00e9trica, proporcionando la refrigeraci\u00f3n ideal a los componentes del cabezal, sin fugas o explosiones.<\/p>\n<p style=\"text-align:justify;\">\u00b7&nbsp; &nbsp; &nbsp; &nbsp; &nbsp;Filtraci\u00f3n con equivalencia en aluminio de 2,71 mm libera los rayos \u00fatiles y retiene los rayos suaves, eliminado la radiaci\u00f3n secundaria.<\/p>\n<p style=\"text-align:justify;\">\u00b7&nbsp; &nbsp; &nbsp; &nbsp; &nbsp;Colimador primario, colocado despu\u00e9s del filtro de aluminio limita el haz de rayos x a un di\u00e1metro de 59 mm en la salida del cilindro direccionador, reduciendo las radiaciones en otras direcciones evitando que el haz de rayos x golpee las paredes del cilindro; con buen direccionamiento, disminuye el \u00e1rea irradiada despu\u00e9s de la pel\u00edcula, dando mayor protecci\u00f3n al paciente.<\/p>\n<p style=\"text-align:justify;\">\u00b7&nbsp; &nbsp; &nbsp; &nbsp; &nbsp;Cilindro direccionador largo, utilizado para permitir el perfecto posicionamiento de la pel\u00edcula en relaci\u00f3n al haz de rayos x; dimensionado para un sistema de foco-pel\u00edcula de 200 mm; revestido en l\u00e1mina de plomo de 0.5 mm de espesor, retiene la radiaci\u00f3n secundaria que tal vez se pudiera formar en el colimador primario.<\/p>\n<p style=\"text-align:justify;\">\u00b7&nbsp; &nbsp; &nbsp; &nbsp; &nbsp;Colimador secundario localizado en el extremo del cilindro, elimina la radiaci\u00f3n secundaria que se puede formar despu\u00e9s del colimador primario aumentando la seguridad del profesional.<\/p>\n<p style=\"text-align:justify;\">\u00b7&nbsp; &nbsp; &nbsp; &nbsp; &nbsp;Punto focal de 0,8 x 0,8 mm proporciona mayor nitidez y detalle.<\/p>\n<p style=\"text-align:justify;\">\u00b7&nbsp; &nbsp; &nbsp; &nbsp; &nbsp;Goni\u00f3metro utilizado para conseguir el \u00e1ngulo de inclinaci\u00f3n deseado, graduado con divisiones de 10 en 10 grados, tanto positivos como negativos.<\/p>\n<p style=\"text-align:justify;\">\u00b7&nbsp; &nbsp; &nbsp; &nbsp; &nbsp;Tensi\u00f3n nominal 70 kVp; debido al mayor poder de penetraci\u00f3n del haz de rayos x, se puede operar con un menor tiempo de exposici\u00f3n, reduciendo la posibilidad de que la radiaci\u00f3n sea absorbida por los tejidos, permitiendo una mayor observaci\u00f3n de los detalles en las radiograf\u00edas, inclusive de los tejidos blandos.<\/p>\n<p style=\"text-align:justify;\">\u00b7&nbsp; &nbsp; &nbsp; &nbsp; &nbsp;Corriente de 8 mA prolonga la vida de los componentes de los cabezales.<\/p>\n<p style=\"text-align:justify;\">\u00b7&nbsp; &nbsp; &nbsp; &nbsp; &nbsp;Panel de comando con interruptor general permite visualizar cuando el aparato est\u00e1 conectado.<\/p>\n<p style=\"text-align:justify;\">\u00b7&nbsp; &nbsp; &nbsp; &nbsp; &nbsp;Control remoto electr\u00f3nico conectado al panel de control mediante un cable espiralado, con todos los controles agrupados, permite el comando hasta una distancia de hasta 3 m afuera del \u00e1rea de radiaci\u00f3n secundaria, permitiendo la posibilidad de controlar visualmente el examen cl\u00ednico.<\/p>\n<p style=\"text-align:justify;\">\u00b7&nbsp; &nbsp; &nbsp; &nbsp; &nbsp;Display indicador del tiempo de exposici\u00f3n con escala graduada de 0,1 a 2,5 segundos ofrece m\u00e1s opciones de elecci\u00f3n del tiempo de exposici\u00f3n; el tiempo de precalentamiento del cabezal de 0,22 segundos ya est\u00e1 incluido y es regulado a trav\u00e9s de la selecci\u00f3n del tiempo; debe ser sumado al valor indicado en el panel, para obtener el tiempo de aplicaci\u00f3n de carga.<\/p>\n<p style=\"text-align:justify;\">\u00b7&nbsp; &nbsp; &nbsp; &nbsp; &nbsp;Tecla de disparo deber\u00e1 ser mantenida accionada durante todo el tiempo de exposici\u00f3n seleccionado, el cual ser\u00e1 acompa\u00f1ado por un led amarillo encendido y una se\u00f1al sonora indiciando el tiempo durante el cual el aparato est\u00e1 emitiendo radiaci\u00f3n.<\/p>\n<p style=\"text-align:justify;\">\u00b7&nbsp; &nbsp; &nbsp; &nbsp; &nbsp;Mecanismo de bloqueo contra disparos accidentales y consecutivos, eliminado exposiciones innecesarias a la radiaci\u00f3n y sobrecalentamientos.<\/p>\n<p style=\"text-align:justify;\">\u00b7&nbsp; &nbsp; &nbsp; &nbsp; &nbsp;Cabezal con certificado de prueba de escape de radiaci\u00f3n, seg\u00fan lo determina el Reglamento T\u00e9cnico del Ministerio de Salud, aprobado por la Ordenanza SVS \u2013 453, de 01-06-1998.<\/p>\n<p style=\"text-align:justify;\">\u00b7&nbsp; &nbsp; &nbsp; &nbsp; &nbsp;Voltaje de alimentaci\u00f3n 110 V o 220 V.<\/p>\n","protected":false},"excerpt":{"rendered":"<p>Selectronic 70X<\/p>\n","protected":false},"featured_media":18014,"template":"","meta":{"_acf_changed":false,"om_disable_all_campaigns":false,"_monsterinsights_skip_tracking":false,"_monsterinsights_sitenote_active":false,"_monsterinsights_sitenote_note":"","_monsterinsights_sitenote_category":0},"product_brand":[841],"product_cat":[804,803,802],"product_tag":[788,787],"class_list":{"0":"post-17991","1":"product","2":"type-product","3":"status-publish","4":"has-post-thumbnail","6":"product_brand-dabiatlante","7":"product_cat-de-pared","8":"product_cat-rayos-x","9":"product_cat-sistemas-radio-visiografia","10":"product_tag-depared","11":"product_tag-rayosx","13":"first","14":"instock","15":"featured","16":"shipping-taxable","17":"product-type-simple"},"acf":[],"aioseo_notices":[],"_links":{"self":[{"href":"https:\/\/equipardentalcr.com\/main\/wp-json\/wp\/v2\/product\/17991","targetHints":{"allow":["GET"]}}],"collection":[{"href":"https:\/\/equipardentalcr.com\/main\/wp-json\/wp\/v2\/product"}],"about":[{"href":"https:\/\/equipardentalcr.com\/main\/wp-json\/wp\/v2\/types\/product"}],"wp:featuredmedia":[{"embeddable":true,"href":"https:\/\/equipardentalcr.com\/main\/wp-json\/wp\/v2\/media\/18014"}],"wp:attachment":[{"href":"https:\/\/equipardentalcr.com\/main\/wp-json\/wp\/v2\/media?parent=17991"}],"wp:term":[{"taxonomy":"product_brand","embeddable":true,"href":"https:\/\/equipardentalcr.com\/main\/wp-json\/wp\/v2\/product_brand?post=17991"},{"taxonomy":"product_cat","embeddable":true,"href":"https:\/\/equipardentalcr.com\/main\/wp-json\/wp\/v2\/product_cat?post=17991"},{"taxonomy":"product_tag","embeddable":true,"href":"https:\/\/equipardentalcr.com\/main\/wp-json\/wp\/v2\/product_tag?post=17991"}],"curies":[{"name":"wp","href":"https:\/\/api.w.org\/{rel}","templated":true}]}}