{"id":17989,"date":"2025-03-10T21:38:59","date_gmt":"2025-03-10T21:38:59","guid":{"rendered":"https:\/\/equipardentalcr.com\/main\/?post_type=product&#038;p=17989"},"modified":"2025-03-12T05:18:02","modified_gmt":"2025-03-12T05:18:02","slug":"autoclave-12l","status":"publish","type":"product","link":"https:\/\/equipardentalcr.com\/main\/product\/autoclave-12l\/","title":{"rendered":"Autoclave 12L"},"content":{"rendered":"<h3><strong>Capacidad del tanque<\/strong><\/h3>\n<ul>\n<li>12 litros<\/li>\n<\/ul>\n<p><br data-cke-filler=\"true\"><\/p>\n<h3><strong>Tanque de presi\u00f3n en acero inoxidable&nbsp;<\/strong><\/h3>\n<ul>\n<li>R\u00e1pido calentamiento y enfriamiento del tanque.<\/li>\n<li>Seguridad y resistencia a los constantes procesos de calentamiento.&nbsp;\n<p><br data-cke-filler=\"true\"><\/li>\n<\/ul>\n<h3><strong>Bandejas en acero inoxidable<\/strong><\/h3>\n<ul>\n<li>Excelente resistencia mec\u00e1nica y a las variaciones de temperatura, manteniendo las caracter\u00edsticas.&nbsp;\n<p><br data-cke-filler=\"true\"><\/li>\n<\/ul>\n<h3><strong>Puerta en aluminio inyectado recubierto de acero inoxidable&nbsp;<\/strong><\/h3>\n<ul>\n<li>Aberturas leves y estables, asegurando cierre y veda adecuados durante todo el ciclo de esterilizaci\u00f3n.&nbsp;\n<p><br data-cke-filler=\"true\"><\/li>\n<\/ul>\n<h3><strong>Anillo sellador de la puerta de silicona<\/strong><\/h3>\n<ul>\n<li>Excelente flexibilidad y resistencia a las variaciones de temperatura y presi\u00f3n, asegurando veda adecuada.&nbsp;\n<p><br data-cke-filler=\"true\"><\/li>\n<\/ul>\n<h3><strong>Indicaci\u00f3n para monitoreo man\u00f3metro (presi\u00f3n \/ temperatura)<\/strong><\/h3>\n<ul>\n<li>Permite monitoreo adecuado de la temperatura y presi\u00f3n de trabajo, durante todo el ciclo de esterilizaci\u00f3n.&nbsp;\n<p><br data-cke-filler=\"true\"><\/li>\n<\/ul>\n<h3><strong>Tablero de mando&nbsp;Posicionado en la parte frontal (indica operaciones \/ teclas de mando)&nbsp;<\/strong><\/h3>\n<ul>\n<li>F\u00e1cil acceso y manejo. Permite operar el equipo de forma r\u00e1pida y precisa.&nbsp;\n<p><br data-cke-filler=\"true\"><\/li>\n<\/ul>\n<h3><strong>Desaeraci\u00f3n autom\u00e1tica<\/strong><\/h3>\n<ul>\n<li>Asegura temperatura uniforme y constante dentro del tanque durante el ciclo de esterilizaci\u00f3n.&nbsp;\n<p><br data-cke-filler=\"true\"><\/li>\n<\/ul>\n<h3><strong>Tensi\u00f3n de alimentaci\u00f3n: 127 y 220 voltios (con llave de conmutaci\u00f3n)&nbsp;<\/strong><\/h3>\n<ul>\n<li>Permite conexi\u00f3n en cualquier tensi\u00f3n de entrada en el rango de operaci\u00f3n.&nbsp;<br \/>Funcionamiento en 127V (entre 102V y 152V) y 220V (entre 198V y 264V).&nbsp;\n<p><br data-cke-filler=\"true\"><\/li>\n<\/ul>\n<h3><strong>Posee 18 sistemas de seguridad&nbsp;<\/strong><\/p>\n<p><br data-cke-filler=\"true\"><\/h3>\n<p><strong>&nbsp; &nbsp; &nbsp; &nbsp; &nbsp; &nbsp; &nbsp; &nbsp; 1 &#8211; Sistema electr\u00f3nico micro-controlado de tiempo y temperatura<\/strong><\/p>\n<ul>\n<li>Garantiza la repetibilidad de los procesos de esterilizaci\u00f3n, dentro de los valores establecidos.&nbsp;\n<p><strong>2 &#8211; Tecla de emergencia<\/strong><\/li>\n<li>Accionada por el operador que interrumpe el ciclo en caso de emergencia&nbsp;\n<p><strong>3 &#8211; Sistema electr\u00f3nico que interrumpe el ciclo de esterilizaci\u00f3n<\/strong><\/li>\n<li>Act\u00faa en caso de que el ciclo de esterilizaci\u00f3n no empiece en hasta 45 minutos, eso puede ocurrir debido a la falla operacional, por falta o exceso de agua.&nbsp;\n<p><strong>4 &#8211; Termostato<\/strong><\/li>\n<li>Protege el sistema contra riesgos de elevaci\u00f3n excesiva de la temperatura en el conjunto de resistencias.\n<p><strong>5 &#8211; Dos v\u00e1lvulas de sobrepresi\u00f3n ? sello de seguridad<\/strong><\/li>\n<li>Act\u00faa si hay fallas de operaci\u00f3n en el que la presi\u00f3n puede exceder los l\u00edmites de seguridad, pretendiendo impedir la ocurrencia de los riesgos de sobrepresi\u00f3n.&nbsp;\n<p><strong>6 &#8211; V\u00e1lvula de subpresi\u00f3n antivac\u00edo<\/strong><\/li>\n<li>V\u00e1lvula mec\u00e1nica que act\u00faa durante la abertura de la puerta, con fines de liberar el flujo de aire para permitir su movimiento.&nbsp;\n<p><strong>7 &#8211; V\u00e1lvula solenoide<\/strong><\/li>\n<li>Act\u00faa en casos de ca\u00edda de energ\u00eda, garantizando despresurizaci\u00f3n del sistema.&nbsp;\n<p><strong>8 &#8211; Anillo de silicona para veda de la puerta<\/strong><\/li>\n<li>Act\u00faa en caso de elevaci\u00f3n excesiva de presi\u00f3n.&nbsp;\n<p><strong>9 &#8211; Dispositivo con sistema de seguridad contra abertura accidental de la puerta<\/strong><\/li>\n<li>Asegura la despresurizaci\u00f3n inmediata del sistema en casos de aberturas accidentales, no permitiendo que el desplazamiento del flujo de vapor sea encaminado al operador.&nbsp;\n<p><strong>10 &#8211; Conjunto de fusibles el\u00e9ctricos<\/strong><\/li>\n<li>Protegen contra riesgos de elevaci\u00f3n excesiva de corriente.\n<p><strong>11 &#8211; Pies de goma<\/strong><\/li>\n<li>Garantizan total estabilidad al conjunto.\n<p><strong>12 &#8211; Filtro sinterizado<\/strong><\/li>\n<li>Evita la obstrucci\u00f3n de las tuber\u00edas.&nbsp;\n<p><strong>13 &#8211; Aislamiento t\u00e9rmico interno<\/strong><\/li>\n<li>Garantiza que el ciclo de calentamiento ocurra con mayor velocidad, sin pierda de temperatura, y, todav\u00eda mantiene la temperatura externa del equipo, dentro de los l\u00edmites de seguridad aceptables.&nbsp;\n<p><strong>14 &#8211; Manguera para drenaje del vapor<\/strong><\/li>\n<li>Evita que el vapor de agua de la autoclave se libera en el medio ambiente.&nbsp;\n<p><strong>15 &#8211; Resistencia tipo collar<\/strong><\/li>\n<li>Resistencia m\u00e1s eficiente y segura. Evite el fuego y consume menos energ\u00eda.&nbsp;\n<p><strong>16 &#8211; Cable sensor de temperatura<\/strong><\/li>\n<li>No hay posibilidad de ineficiencia debido a un sensor de alta temperatura.&nbsp;\n<p><strong>17 &#8211; Tuber\u00eda interna de cobre&nbsp;<\/strong><\/li>\n<li>Previene fugas debido a la alta presi\u00f3n y temperatura&nbsp;\n<p><strong>18 &#8211; Llave general<\/strong><\/li>\n<li>Evita los choques. El profesional puede apagar cuando sea necesario o cuando hay una sobrecarga de energ\u00eda. No hay necesidad de quitar el cable de alimentaci\u00f3n de la toma.<\/li>\n<\/ul>\n<p><br data-cke-filler=\"true\"><\/p>\n<h3><strong>Producto con certificado CE<\/strong><\/h3>\n<ul>\n<li>Comprueba que el equipo cumple con los m\u00e1s rigurosos est\u00e1ndares europeos de calidad.&nbsp;\n<p><br data-cke-filler=\"true\"><\/li>\n<\/ul>\n<h3><strong>Accesorios que acompa\u00f1an la Autoclave<\/strong><\/p>\n<p><br data-cke-filler=\"true\"><\/h3>\n<ul>\n<li><strong>Manguera salida externa de vapor<\/strong><br \/>Es responsable por la expulsi\u00f3n del vapor.&nbsp;\n<p><strong>Bandejas y soporte<\/strong><br \/>Soporte con dos bandejas sirven para evitar que los materiales a ser esterilizados est\u00e9n en contacto con las paredes laterales de la c\u00e1mara, del fondo y del agua.&nbsp;<\/p>\n<p><strong>Vaso graduado<\/strong><br \/>Es usado para dosificar la cantidad de agua destilada necesaria para cada ciclo de esterilizaci\u00f3n.&nbsp;<\/p>\n<p><strong>Agarrador bandeja<\/strong><br \/>Accesorio utilizado para manipular las bandejas, evitando el contacto directo del operador.<\/li>\n<\/ul>\n","protected":false},"excerpt":{"rendered":"<p>Dise\u00f1o arrojado e innovador con r\u00e1pido calentamiento y enfriamiento del tanque. Excelente resistencia mec\u00e1nica y a las variaciones de temperatura, manteniendo las caracter\u00edsticas.<\/p>\n","protected":false},"featured_media":18011,"template":"","meta":{"_acf_changed":false,"om_disable_all_campaigns":false,"_monsterinsights_skip_tracking":false,"_monsterinsights_sitenote_active":false,"_monsterinsights_sitenote_note":"","_monsterinsights_sitenote_category":0},"product_brand":[841],"product_cat":[782,825,781,753],"product_tag":[756,760,757,758,759,761],"class_list":{"0":"post-17989","1":"product","2":"type-product","3":"status-publish","4":"has-post-thumbnail","6":"product_brand-dabiatlante","7":"product_cat-12-litros","8":"product_cat-12-litros-autoclaves","9":"product_cat-autoclaves-perifericos-dentales","10":"product_cat-perifericos-dentales","11":"product_tag-autoclave","12":"product_tag-cirugia","13":"product_tag-esterilizacion","14":"product_tag-odontologia","15":"product_tag-ortodoncia","16":"product_tag-salud","18":"first","19":"instock","20":"featured","21":"shipping-taxable","22":"product-type-simple"},"acf":[],"aioseo_notices":[],"_links":{"self":[{"href":"https:\/\/equipardentalcr.com\/main\/wp-json\/wp\/v2\/product\/17989","targetHints":{"allow":["GET"]}}],"collection":[{"href":"https:\/\/equipardentalcr.com\/main\/wp-json\/wp\/v2\/product"}],"about":[{"href":"https:\/\/equipardentalcr.com\/main\/wp-json\/wp\/v2\/types\/product"}],"wp:featuredmedia":[{"embeddable":true,"href":"https:\/\/equipardentalcr.com\/main\/wp-json\/wp\/v2\/media\/18011"}],"wp:attachment":[{"href":"https:\/\/equipardentalcr.com\/main\/wp-json\/wp\/v2\/media?parent=17989"}],"wp:term":[{"taxonomy":"product_brand","embeddable":true,"href":"https:\/\/equipardentalcr.com\/main\/wp-json\/wp\/v2\/product_brand?post=17989"},{"taxonomy":"product_cat","embeddable":true,"href":"https:\/\/equipardentalcr.com\/main\/wp-json\/wp\/v2\/product_cat?post=17989"},{"taxonomy":"product_tag","embeddable":true,"href":"https:\/\/equipardentalcr.com\/main\/wp-json\/wp\/v2\/product_tag?post=17989"}],"curies":[{"name":"wp","href":"https:\/\/api.w.org\/{rel}","templated":true}]}}