{"id":17988,"date":"2025-03-10T21:38:59","date_gmt":"2025-03-10T21:38:59","guid":{"rendered":"https:\/\/equipardentalcr.com\/main\/?post_type=product&#038;p=17988"},"modified":"2025-03-12T05:18:06","modified_gmt":"2025-03-12T05:18:06","slug":"prestige-air","status":"publish","type":"product","link":"https:\/\/equipardentalcr.com\/main\/product\/prestige-air\/","title":{"rendered":"Prestige Air"},"content":{"rendered":"<h2>Sill\u00f3n<\/h2>\n<p>\u00b7&nbsp;&nbsp;&nbsp;&nbsp;&nbsp;&nbsp;&nbsp;&nbsp; Estructura construida en acero s\u00f3lido, con tratamiento antioxidante y pintura ep\u00f3xica que confiere mayor resistencia y durabilidad a la unidad.<\/p>\n<p>\u00b7&nbsp;&nbsp;&nbsp;&nbsp;&nbsp;&nbsp;&nbsp;&nbsp; Base con antideslizantes; sin necesidad de fijaci\u00f3n en el suelo.<\/p>\n<p>\u00b7&nbsp;&nbsp;&nbsp;&nbsp;&nbsp;&nbsp;&nbsp;&nbsp; El sistema de elevaci\u00f3n pantogr\u00e1fica&nbsp; de hoja de acero, que ofrece una mayor resistencia y capacidad de elevaci\u00f3n de hasta 200 kg.<\/p>\n<p>\u00b7&nbsp;&nbsp;&nbsp;&nbsp;&nbsp;&nbsp;&nbsp;&nbsp; Caja de conexiones integrada que optimiza el espacio dentro del consultorio.<\/p>\n<p>\u00b7&nbsp;&nbsp;&nbsp;&nbsp;&nbsp;&nbsp;&nbsp;&nbsp; Bot\u00f3n de ENCENDIDO \/ APAGADO ubicado en el costado de la base de la silla, lo que facilita el acceso al profesional.<\/p>\n<p>\u00b7&nbsp;&nbsp;&nbsp;&nbsp;&nbsp;&nbsp;&nbsp;&nbsp; Amplia gama de colores en la tapicer\u00eda, disponible en 22 colores.<\/p>\n<p>\u00b7&nbsp;&nbsp;&nbsp;&nbsp;&nbsp;&nbsp;&nbsp;&nbsp; Brazo de apoyo abatible 90\u00b0.<\/p>\n<p>\u00b7&nbsp;&nbsp;&nbsp;&nbsp;&nbsp;&nbsp;&nbsp;&nbsp; Pedal de control con palanca de mando, con retorno autom\u00e1tico a la posici\u00f3n cero; funci\u00f3n de paro de emergencia, posici\u00f3n de escupir y rereso a la \u00faltima posici\u00f3n.<\/p>\n<p>\u00b7&nbsp;&nbsp;&nbsp;&nbsp;&nbsp;&nbsp;&nbsp;&nbsp; 4 posiciones de trabajo.<\/p>\n<p>\u00b7&nbsp;&nbsp;&nbsp;&nbsp;&nbsp;&nbsp;&nbsp;&nbsp; Sistema de elevaci\u00f3n electromec\u00e1nica accionada por motor BOSCH de bajo voltaje con 24 volts.<\/p>\n<p>\u00b7&nbsp;&nbsp;&nbsp;&nbsp;&nbsp;&nbsp;&nbsp;&nbsp; Sistema electr\u00f3nico integrado de bajo voltaje 24 volts.<\/p>\n<p>\u00b7&nbsp;&nbsp;&nbsp;&nbsp;&nbsp;&nbsp;&nbsp;&nbsp; Voltaje de alimentaci\u00f3n 127 o 220V ~ 50 \/ 60Hz.<\/p>\n<p>\u00b7&nbsp;&nbsp;&nbsp;&nbsp;&nbsp;&nbsp;&nbsp;&nbsp; Reposacabezas anat\u00f3mico, desmontable, biarticulado, ajustable en altura con movimientos delantero, trasero, longitudinal y sistema de bloqueo de palanca.<\/p>\n<p>\u00b7&nbsp;&nbsp;&nbsp;&nbsp;&nbsp;&nbsp;&nbsp;&nbsp; Ambidestro<\/p>\n<p>\u00b7&nbsp;&nbsp;&nbsp;&nbsp;&nbsp;&nbsp;&nbsp;&nbsp; Hecho de inyecci\u00f3n ABS: otorga mayor durabilidad, resistencia a la corrosi\u00f3n y estabilidad del color al ensamblaje.<\/p>\n<p>\u00b7&nbsp;&nbsp;&nbsp;&nbsp;&nbsp;&nbsp;&nbsp;&nbsp; Componentes: Jeringa de brazo extendido \/ 1 terminal con spray para alta rotaci\u00f3n y 1 terminal con spray para micromotor neum\u00e1tico.<\/p>\n<p>\u00b7&nbsp;&nbsp;&nbsp;&nbsp;&nbsp;&nbsp;&nbsp;&nbsp; Brazos articulados y neum\u00e1ticos, operados mediante botones, ubicados debajo del cuerpo del equipo en el asa lateral, lo que permite la libertad de movimiento.<\/p>\n<p>\u00b7&nbsp;&nbsp;&nbsp;&nbsp;&nbsp;&nbsp;&nbsp;&nbsp; Sistema de bloqueo de la direcci\u00f3n: alivia la tensi\u00f3n en las mangueras y ofrece mayor movilidad para las piezas de mano (versi\u00f3n Hasteflex).<\/p>\n<p>\u00b7&nbsp;&nbsp;&nbsp;&nbsp;&nbsp;&nbsp;&nbsp;&nbsp; Soporte de piezas de mano desmontables y autoclave (modelo Hasteflex).<\/p>\n<p>\u00b7&nbsp;&nbsp;&nbsp;&nbsp;&nbsp;&nbsp;&nbsp;&nbsp; Pedal progresivo para la activaci\u00f3n de las piezas de mano en las terminales del equipo, que permite el control de la velocidad y la activaci\u00f3n en cualquier punto del &nbsp; &nbsp; &nbsp; &nbsp; &nbsp; &nbsp; &nbsp; &nbsp; pedal.<\/p>\n<p>\u00b7&nbsp;&nbsp;&nbsp;&nbsp;&nbsp;&nbsp;&nbsp;&nbsp; Jeringa de brazo extendido: boquilla rotativa, desmontable y autoclavable.<\/p>\n<p>\u00b7&nbsp;&nbsp;&nbsp;&nbsp;&nbsp;&nbsp;&nbsp;&nbsp; Mangueras redondeadas, ligeras y flexibles.<\/p>\n<p>\u00b7&nbsp;&nbsp;&nbsp;&nbsp;&nbsp;&nbsp;&nbsp;&nbsp; Soporte de la punta con accionamiento neum\u00e1tico individual.<\/p>\n<p>\u00b7&nbsp;&nbsp;&nbsp;&nbsp;&nbsp;&nbsp;&nbsp;&nbsp; Tapa extra\u00edble de acero inoxidable: f\u00e1cil de limpiar. Garantiza m\u00e1s practicidad y resistencia a la corrosi\u00f3n.<\/p>\n<p>\u00b7&nbsp;&nbsp;&nbsp;&nbsp;&nbsp;&nbsp;&nbsp;&nbsp; Manija bilateral<\/p>\n<p>\u00b7&nbsp;&nbsp;&nbsp;&nbsp;&nbsp;&nbsp;&nbsp;&nbsp; Control PAD:con funciones de silla (opcional)<\/p>\n<p>\u00b7&nbsp;&nbsp;&nbsp;&nbsp;&nbsp;&nbsp;&nbsp;&nbsp; Visor de rayos X conectado al equipo para una f\u00e1cil visualizaci\u00f3n de los ex\u00e1menes radiogr\u00e1ficos (Opcional).<\/p>\n<h2>Unidad de agua<\/h2>\n<p>\u00b7&nbsp;&nbsp;&nbsp;&nbsp;&nbsp;&nbsp;&nbsp;&nbsp; Hecho de inyecci\u00f3n ABS: otorga mayor durabilidad, resistencia a la corrosi\u00f3n y estabilidad del color al ensamblaje.<\/p>\n<p>\u00b7&nbsp;&nbsp;&nbsp;&nbsp;&nbsp;&nbsp;&nbsp;&nbsp; Escupidera profunda, extra\u00edble, con drenaje y filtro para la retenci\u00f3n de s\u00f3lidos y cubierta para evitar salpicaduras.<\/p>\n<p>\u00b7&nbsp;&nbsp;&nbsp;&nbsp;&nbsp;&nbsp;&nbsp;&nbsp; Filtro de residuos situado en la base de la silla.<\/p>\n<p>\u00b7&nbsp;&nbsp;&nbsp;&nbsp;&nbsp;&nbsp;&nbsp;&nbsp; El sistema de regulaci\u00f3n de caudal de agua permite un ajuste fino del caudal de agua.<\/p>\n<p>\u00b7&nbsp;&nbsp;&nbsp;&nbsp;&nbsp;&nbsp;&nbsp;&nbsp; 1000 ml de dep\u00f3sitos transl\u00facidos para agua de piezas de mano y jeringa de brazo extendido.<\/p>\n<p>\u00b7&nbsp;&nbsp;&nbsp;&nbsp;&nbsp;&nbsp;&nbsp;&nbsp; Unidad de agua y escupidera plegable en 60\u00b0, permitiendo una amplia movilidad que permite acercarse al auxiliar al campo operatorio.<\/p>\n<p>\u00b7&nbsp;&nbsp;&nbsp;&nbsp;&nbsp;&nbsp;&nbsp;&nbsp; 1 succionador de saliva de aire (Sistema Venturi) (serie)<\/p>\n<p>\u00b7&nbsp;&nbsp;&nbsp;&nbsp;&nbsp;&nbsp;&nbsp;&nbsp; Cuenta con un sensor de proximidad \u00fanico que activa autom\u00e1ticamente el flujo de agua en la escupidera, proporcionando mayor comodidad para el paciente, seguridad y ahorro de agua.<\/p>\n<h2>Opcionales para la unidad de agua:<\/h2>\n<p>\u00b7&nbsp;&nbsp;&nbsp;&nbsp;&nbsp;&nbsp;&nbsp;&nbsp; Succi\u00f3n BV<\/p>\n<p>\u00b7&nbsp;&nbsp;&nbsp;&nbsp;&nbsp;&nbsp;&nbsp;&nbsp; Succi\u00f3n Vac Plus<\/p>\n<p>\u00b7&nbsp;&nbsp;&nbsp;&nbsp;&nbsp;&nbsp;&nbsp;&nbsp; Brazo Extendido<\/p>\n<p>\u00b7&nbsp;&nbsp;&nbsp;&nbsp;&nbsp;&nbsp;&nbsp;&nbsp; Jeringa Triple en la unidad de agua<\/p>\n<h2>Luz de 3 LEDs<\/h2>\n<p>\u00b7&nbsp;&nbsp;&nbsp;&nbsp;&nbsp;&nbsp;&nbsp;&nbsp; Tecnolog\u00eda de iluminaci\u00f3n &#8211; LED.<\/p>\n<p>\u00b7&nbsp;&nbsp;&nbsp;&nbsp;&nbsp;&nbsp;&nbsp;&nbsp; Menos consumo de energ\u00eda, consume hasta un 95% menos de electricidad que los modelos convencionales.<\/p>\n<p>\u00b7&nbsp;&nbsp;&nbsp;&nbsp;&nbsp;&nbsp;&nbsp;&nbsp; No utiliza focos.<\/p>\n<p>\u00b7&nbsp;&nbsp;&nbsp;&nbsp;&nbsp;&nbsp;&nbsp;&nbsp; Mayor durabilidad de la fuente de luz (LED), hasta 50.000 horas.<\/p>\n<h2>Sensor de proximidad<\/h2>\n<p>\u00b7&nbsp;&nbsp;&nbsp;&nbsp;&nbsp;&nbsp;&nbsp;&nbsp; El accionamiento del reflector se realiza exclusivamente mediante el sensor de aproximaci\u00f3n ubicado en la parte inferior de la cabeza, evitando el riesgo de contaminaci\u00f3n cruzada.<\/p>\n<p>\u00b7&nbsp;&nbsp;&nbsp;&nbsp;&nbsp;&nbsp;&nbsp;&nbsp; La selecci\u00f3n de intensidad luminosa tambi\u00e9n se realiza a trav\u00e9s del sensor de proximidad. El reflector tiene un sistema electr\u00f3nico digital interno, f\u00e1cil y r\u00e1pido de programar.<\/p>\n<h2>Fuente de luz fr\u00eda<\/h2>\n<p>\u00b7&nbsp;&nbsp;&nbsp;&nbsp;&nbsp;&nbsp;&nbsp;&nbsp; No genera calor en el campo operatorio.<\/p>\n<h2>Foco de luz rectangular<\/h2>\n<p>\u00b7&nbsp;&nbsp;&nbsp;&nbsp;&nbsp;&nbsp;&nbsp;&nbsp; Cuando se coloca correctamente para la iluminaci\u00f3n de la boca, no genera molestias en la regi\u00f3n de los ojos del paciente.<\/p>\n<p>\u00b7&nbsp;&nbsp;&nbsp;&nbsp;&nbsp;&nbsp;&nbsp;&nbsp; Aumente el tama\u00f1o del foco de iluminaci\u00f3n de la cavidad bucal, proporcionando una mayor \u00e1rea de iluminaci\u00f3n en el campo de trabajo.<\/p>\n<h2>Dise\u00f1o<\/h2>\n<p>\u00b7&nbsp;&nbsp;&nbsp;&nbsp;&nbsp;&nbsp;&nbsp;&nbsp; Totalmente innovador con l\u00edneas redondeadas, ofrece una apariencia moderna, armoniosa y facilita el manejo.<\/p>\n<h2>Base<\/h2>\n<p>\u00b7&nbsp;&nbsp;&nbsp;&nbsp;&nbsp;&nbsp;&nbsp;&nbsp; Fabricada en material resistente, con rotaci\u00f3n de 620\u00b0. Es ligera, tiene una gran durabilidad y permite una amplia movilidad en varias posiciones.<\/p>\n<p>\u00b7&nbsp;&nbsp;&nbsp;&nbsp;&nbsp;&nbsp;&nbsp;&nbsp; Nuevo dise\u00f1o que cuenta con cuerpo m\u00e1s robusto y f\u00e1cil higiene.<\/p>\n<h2>Agarraderas<\/h2>\n<p>\u00b7&nbsp;&nbsp;&nbsp;&nbsp;&nbsp;&nbsp;&nbsp;&nbsp; Asas bilaterales que permiten el aislamiento evitando el riesgo de contaminaci\u00f3n cruzada.<\/p>\n<p>\u00b7&nbsp;&nbsp;&nbsp;&nbsp;&nbsp;&nbsp;&nbsp;&nbsp; Desmontable y autoclavable.<\/p>\n<p>\u00b7&nbsp;&nbsp;&nbsp;&nbsp;&nbsp;&nbsp;&nbsp;&nbsp; El posicionamiento de las asas permite elegir la posici\u00f3n de acuerdo con las necesidades del profesional.<\/p>\n<h2>Protector frontal<\/h2>\n<p>\u00b7&nbsp;&nbsp;&nbsp;&nbsp;&nbsp;&nbsp;&nbsp;&nbsp; Extra\u00edble, construido de material duradero y transparente, protege el sistema \u00f3ptico contra los aerosoles.<\/p>\n<h2>Sensor de 3 LEDs<\/h2>\n<p>\u00b7&nbsp;&nbsp;&nbsp;&nbsp;&nbsp;&nbsp;&nbsp;&nbsp; Sistema \u00f3ptico con 3 leds.<\/p>\n<p>\u00b7&nbsp;&nbsp;&nbsp;&nbsp;&nbsp;&nbsp;&nbsp;&nbsp; Tres intensidades: 10,000, 20,000 y 30,000 LUX (con una variaci\u00f3n de + -10%).<\/p>\n","protected":false},"excerpt":{"rendered":"<p>Estructura construida en acero s\u00f3lido, con tratamiento antioxidante y pintura ep\u00f3xica que confiere mayor resistencia y durabilidad a la unidad. Reposacabezas anat\u00f3mico, desmontable, biarticulado, ajustable en altura con movimientos delantero, trasero, longitudinal y sistema de bloqueo de palanca.<\/p>\n","protected":false},"featured_media":18007,"template":"","meta":{"_acf_changed":false,"om_disable_all_campaigns":false,"_monsterinsights_skip_tracking":false,"_monsterinsights_sitenote_active":false,"_monsterinsights_sitenote_note":"","_monsterinsights_sitenote_category":0},"product_brand":[841],"product_cat":[826,771],"product_tag":[777,773,778],"class_list":{"0":"post-17988","1":"product","2":"type-product","3":"status-publish","4":"has-post-thumbnail","6":"product_brand-dabiatlante","7":"product_cat-conjuntos-dentales","8":"product_cat-sillones-dentales","9":"product_tag-costarica","10":"product_tag-sillondental","11":"product_tag-unidaddental","13":"first","14":"instock","15":"featured","16":"shipping-taxable","17":"product-type-simple"},"acf":[],"aioseo_notices":[],"_links":{"self":[{"href":"https:\/\/equipardentalcr.com\/main\/wp-json\/wp\/v2\/product\/17988","targetHints":{"allow":["GET"]}}],"collection":[{"href":"https:\/\/equipardentalcr.com\/main\/wp-json\/wp\/v2\/product"}],"about":[{"href":"https:\/\/equipardentalcr.com\/main\/wp-json\/wp\/v2\/types\/product"}],"wp:featuredmedia":[{"embeddable":true,"href":"https:\/\/equipardentalcr.com\/main\/wp-json\/wp\/v2\/media\/18007"}],"wp:attachment":[{"href":"https:\/\/equipardentalcr.com\/main\/wp-json\/wp\/v2\/media?parent=17988"}],"wp:term":[{"taxonomy":"product_brand","embeddable":true,"href":"https:\/\/equipardentalcr.com\/main\/wp-json\/wp\/v2\/product_brand?post=17988"},{"taxonomy":"product_cat","embeddable":true,"href":"https:\/\/equipardentalcr.com\/main\/wp-json\/wp\/v2\/product_cat?post=17988"},{"taxonomy":"product_tag","embeddable":true,"href":"https:\/\/equipardentalcr.com\/main\/wp-json\/wp\/v2\/product_tag?post=17988"}],"curies":[{"name":"wp","href":"https:\/\/api.w.org\/{rel}","templated":true}]}}