{"id":17987,"date":"2025-03-10T21:38:59","date_gmt":"2025-03-10T21:38:59","guid":{"rendered":"https:\/\/equipardentalcr.com\/main\/?post_type=product&#038;p=17987"},"modified":"2025-03-12T05:18:11","modified_gmt":"2025-03-12T05:18:11","slug":"croma-air","status":"publish","type":"product","link":"https:\/\/equipardentalcr.com\/main\/product\/croma-air\/","title":{"rendered":"Croma Air"},"content":{"rendered":"<h3>Sill\u00f3n<\/h3>\n<p>\u00b7\u00a0\u00a0\u00a0\u00a0\u00a0\u00a0\u00a0\u00a0 Estructura construida en acero s\u00f3lido, con tratamiento antioxidante y con pintura ep\u00f3xica que le brinda mayor resistencia y durabilidad a toda la unidad.<\/p>\n<p>\u00b7\u00a0\u00a0\u00a0\u00a0\u00a0\u00a0\u00a0\u00a0 Base antideslizantes; sin fijaci\u00f3n al suelo.<\/p>\n<p>\u00b7\u00a0\u00a0\u00a0\u00a0\u00a0\u00a0\u00a0\u00a0 El sistema de elevaci\u00f3n pantogr\u00e1fica de hoja de acero ofrece mayor resistencia y capacidad de elevaci\u00f3n de hasta 200 kg.<\/p>\n<p>\u00b7\u00a0\u00a0\u00a0\u00a0\u00a0\u00a0\u00a0\u00a0 Caja de conexiones integrada que optimiza el espacio dentro del consultorio.<\/p>\n<p>\u00b7\u00a0\u00a0\u00a0\u00a0\u00a0\u00a0\u00a0\u00a0 Bot\u00f3n de ENCENDIDO \/ APAGADO ubicado en el costado de la base de la silla, para que el profesional pueda acceder f\u00e1cilmente.<\/p>\n<p>\u00b7\u00a0\u00a0\u00a0\u00a0\u00a0\u00a0\u00a0\u00a0 Amplia gama de colores para la tapicer\u00eda, disponible en 12 colores.<\/p>\n<p>\u00b7\u00a0\u00a0\u00a0\u00a0\u00a0\u00a0\u00a0\u00a0 Brazos fijo de apoyo para el paciente con estructura met\u00e1lica.<\/p>\n<p>\u00b7\u00a0\u00a0\u00a0\u00a0\u00a0\u00a0\u00a0\u00a0 Pedal de control joystick con tres programas de trabajo, con retorno autom\u00e1tico a la posici\u00f3n cero.<\/p>\n<p>\u00b7\u00a0\u00a0\u00a0\u00a0\u00a0\u00a0\u00a0\u00a0 Sistema de elevaci\u00f3n electromec\u00e1nico accionado por motor BOSCH de bajo voltaje con 24 voltios.<\/p>\n<p>\u00b7\u00a0\u00a0\u00a0\u00a0\u00a0\u00a0\u00a0\u00a0 Sistema electr\u00f3nico integrado y de baja tensi\u00f3n: 24 voltios.<\/p>\n<p>\u00b7\u00a0\u00a0\u00a0\u00a0\u00a0\u00a0\u00a0\u00a0 Voltaje de alimentaci\u00f3n 127 o 220V ~ 50 \/ 60Hz.<\/p>\n<p>\u00b7\u00a0\u00a0\u00a0\u00a0\u00a0\u00a0\u00a0\u00a0 Reposacabezas anat\u00f3mico, extra\u00edble, biarticulado, ajustable en altura con movimientos delantero, trasero y longitudinal y sistema de bloqueo de palanca.<\/p>\n<p>\u00b7\u00a0\u00a0\u00a0\u00a0\u00a0\u00a0\u00a0\u00a0 Ambidiestra.<\/p>\n<p>&nbsp;<\/p>\n<p>&nbsp;<\/p>\n<h3>Unidad<\/h3>\n<p>\u00b7\u00a0\u00a0\u00a0\u00a0\u00a0\u00a0\u00a0\u00a0 Fabricada con inyecci\u00f3n ABS: otorga mayor durabilidad \/ resistencia a la corrosi\u00f3n y estabilidad del color en el ensamblaje.<\/p>\n<p>\u00b7\u00a0\u00a0\u00a0\u00a0\u00a0\u00a0\u00a0\u00a0 Composici\u00f3n: Jeringa en el bracket \/ 1 terminal con spray para alta rotaci\u00f3n y 1 terminal sin spray para micromotor neum\u00e1tico.<\/p>\n<p>\u00b7\u00a0\u00a0\u00a0\u00a0\u00a0\u00a0\u00a0\u00a0 Brazos articulados y neum\u00e1ticos (modelo Croma Air) (tambi\u00e9n en las versiones CART y MANUAL), operados por un bot\u00f3n ubicado debajo del cuerpo del equipo, las agarraderas laterales, proporciona libertad de movimiento.<\/p>\n<p>\u00b7\u00a0\u00a0\u00a0\u00a0\u00a0\u00a0\u00a0\u00a0 Pedal progresivo para la activaci\u00f3n de las piezas de mano en las terminales del equipo, que permite el control de la velocidad y la activaci\u00f3n en cualquier punto del pedal.<\/p>\n<p>\u00b7\u00a0\u00a0\u00a0\u00a0\u00a0\u00a0\u00a0\u00a0 Jeringa en el bracket: boquilla rotativa, desmontable y autoclavable.<\/p>\n<p>\u00b7\u00a0\u00a0\u00a0\u00a0\u00a0\u00a0\u00a0\u00a0 Mangueras: redondeadas, ligeras y flexibles.<\/p>\n<p>\u00b7\u00a0\u00a0\u00a0\u00a0\u00a0\u00a0\u00a0\u00a0 Soporte de la punta: con accionamiento neum\u00e1tico individual.<\/p>\n<p>\u00b7\u00a0\u00a0\u00a0\u00a0\u00a0\u00a0\u00a0\u00a0 Tapa extra\u00edble de acero inoxidable: f\u00e1cil de limpiar. Garantiza m\u00e1s practicidad y resistencia a la corrosi\u00f3n.<\/p>\n<p>\u00b7\u00a0\u00a0\u00a0\u00a0\u00a0\u00a0\u00a0\u00a0 Manija bilateral<\/p>\n<p>\u00b7\u00a0\u00a0\u00a0\u00a0\u00a0\u00a0\u00a0\u00a0 Panel de control PAD: panel de control PAD con funciones de silla (opcional)<\/p>\n<p>\u00b7\u00a0\u00a0\u00a0\u00a0\u00a0\u00a0\u00a0\u00a0 Visor de rayos X conectado al equipo para una f\u00e1cil visualizaci\u00f3n de los ex\u00e1menes radiogr\u00e1ficos (Opcional).<\/p>\n<p>&nbsp;<\/p>\n<h3>Unidad de Agua<\/h3>\n<p>\u00b7\u00a0\u00a0\u00a0\u00a0\u00a0\u00a0\u00a0\u00a0 Fabricada con inyecci\u00f3n ABS: otorga mayor durabilidad \/ resistencia a la corrosi\u00f3n y estabilidad del color en el ensamblaje.<\/p>\n<p>\u00b7\u00a0\u00a0\u00a0\u00a0\u00a0\u00a0\u00a0\u00a0 Escupidera: profunda, extra\u00edble, con drenaje y filtro para la retenci\u00f3n de s\u00f3lidos y cubierta para evitar salpicaduras.<\/p>\n<p>\u00b7\u00a0\u00a0\u00a0\u00a0\u00a0\u00a0\u00a0\u00a0 Filtro de residuos ubicado en la base de la ventosa, debajo del cuerpo de la unidad de agua.<\/p>\n<p>\u00b7\u00a0\u00a0\u00a0\u00a0\u00a0\u00a0\u00a0\u00a0 Sistema de regulaci\u00f3n de caudal de agua: permite un ajuste fino del caudal de agua.<\/p>\n<p>\u00b7\u00a0\u00a0\u00a0\u00a0\u00a0\u00a0\u00a0\u00a0 1000 ml de dep\u00f3sitos transl\u00facidos para: agua de piezas de mano y jeringa del bracket.<\/p>\n<p>\u00b7\u00a0\u00a0\u00a0\u00a0\u00a0\u00a0\u00a0\u00a0 Unidad de agua y tubo 90\u00b0 plegable, con una amplia movilidad que permite que el auxiliar se acerque al campo operativo.<\/p>\n<p>\u00b7\u00a0\u00a0\u00a0\u00a0\u00a0\u00a0\u00a0\u00a0 Succionadores: 1 succionador de saliva con aire (Sistema Venturi) (serie)<\/p>\n<p>\u00b7\u00a0\u00a0\u00a0\u00a0\u00a0\u00a0\u00a0\u00a0 Cuenta con un exclusivo sensor de proximidad que activa autom\u00e1ticamente el flujo de agua en la escupidera, lo que brinda conveniencia y comodidad para el paciente, seguridad y ahorro de agua.<\/p>\n<p>&nbsp;<\/p>\n<p>&nbsp;<\/p>\n<h3>Unidad de agua opcional:<\/h3>\n<p>&nbsp;<\/p>\n<p>\u00b7\u00a0\u00a0\u00a0\u00a0\u00a0\u00a0\u00a0\u00a0 Sistema de Succi\u00f3n BV<\/p>\n<p>\u00b7\u00a0\u00a0\u00a0\u00a0\u00a0\u00a0\u00a0\u00a0 Sistema de Succi\u00f3n Vac Plus<\/p>\n<p>&nbsp;<\/p>\n<h3>Brazo extendido<\/h3>\n<p>\u00b7\u00a0\u00a0\u00a0\u00a0\u00a0\u00a0\u00a0\u00a0 Jeringa Triple en la Unidad de Agua.<\/p>\n<p>\u00b7\u00a0\u00a0\u00a0\u00a0\u00a0\u00a0\u00a0\u00a0 Sensor de proximidad<\/p>\n<p>&nbsp;<\/p>\n<h3>L\u00e1mpara<\/h3>\n<p>\u00b7\u00a0\u00a0\u00a0\u00a0\u00a0\u00a0\u00a0\u00a0 Monofocal para uso dental con hal\u00f3geno (est\u00e1ndar) o 1 LED (opcional).<\/p>\n<p>\u00b7\u00a0\u00a0\u00a0\u00a0\u00a0\u00a0\u00a0\u00a0 Espejo multifac\u00e9tico con tratamiento de multicapas.<\/p>\n<p>\u00b7\u00a0\u00a0\u00a0\u00a0\u00a0\u00a0\u00a0\u00a0 Doble espejo de protecci\u00f3n de material resistente y transparente.<\/p>\n<p>\u00b7\u00a0\u00a0\u00a0\u00a0\u00a0\u00a0\u00a0\u00a0 Perillas bilaterales en forma de asa que permiten el aislamiento, evitando el riesgo de contaminaci\u00f3n cruzada.<\/p>\n<p>\u00b7\u00a0\u00a0\u00a0\u00a0\u00a0\u00a0\u00a0\u00a0 Cabezal fabricado en material resistente, con rotaci\u00f3n de 620\u00ba.<\/p>\n<p>\u00b7\u00a0\u00a0\u00a0\u00a0\u00a0\u00a0\u00a0\u00a0 Intensidad: 8,000 a 25,000 LUX (tolerancia +\/- 20%).<\/p>\n<p>&nbsp;<\/p>\n<h3>Sensor de Proximidad<\/h3>\n<p>\u00b7\u00a0\u00a0\u00a0\u00a0\u00a0\u00a0\u00a0\u00a0 El accionamiento del reflector se realiza exclusivamente mediante el sensor de proximidad ubicado en la parte inferior de la cabeza, evitando el riesgo de contaminaci\u00f3n cruzada.<\/p>\n<p>\u00b7\u00a0\u00a0\u00a0\u00a0\u00a0\u00a0\u00a0\u00a0 La selecci\u00f3n de la intensidad luminosa tambi\u00e9n se realiza a trav\u00e9s del sensor de proximidad.<\/p>\n<p>\u00b7\u00a0\u00a0\u00a0\u00a0\u00a0\u00a0\u00a0\u00a0 El reflector tiene un sistema electr\u00f3nico digital interno, f\u00e1cil y r\u00e1pido de programar.<\/p>\n<p>&nbsp;<\/p>\n<h3>Luz fr\u00eda<\/h3>\n<p>\u00b7\u00a0\u00a0\u00a0\u00a0\u00a0\u00a0\u00a0\u00a0 No genera calor en el campo operatorio.<\/p>\n<p>&nbsp;<\/p>\n<h3>Foco rectangular<\/h3>\n<p>\u00b7\u00a0\u00a0\u00a0\u00a0\u00a0\u00a0\u00a0\u00a0 Cuando se coloca correctamente para la iluminaci\u00f3n de la boca, no genera molestias en la regi\u00f3n de los ojos del paciente.<\/p>\n<p>\u00b7\u00a0\u00a0\u00a0\u00a0\u00a0\u00a0\u00a0\u00a0 Aumente el tama\u00f1o del foco de iluminaci\u00f3n de la cavidad bucal, proporcionando una mayor \u00e1rea de iluminaci\u00f3n en el campo de trabajo.<\/p>\n<p>&nbsp;<\/p>\n<h3>Dise\u00f1o<\/h3>\n<p>\u00b7\u00a0\u00a0\u00a0\u00a0\u00a0\u00a0\u00a0\u00a0 Totalmente innovador con l\u00edneas redondeadas, ofrece una apariencia moderna y armoniosa, que adem\u00e1s facilita el manejo.<\/p>\n<p>&nbsp;<\/p>\n<h3>Cuerpo o cabeza de l\u00e1mpara<\/h3>\n<p>\u00b7\u00a0\u00a0\u00a0\u00a0\u00a0\u00a0\u00a0\u00a0 Fabricado en material resistente, con rotaci\u00f3n de 620\u00b0. Es ligero, tiene una gran durabilidad y permite una amplia movilidad en varias posiciones.<\/p>\n<p>\u00b7\u00a0\u00a0\u00a0\u00a0\u00a0\u00a0\u00a0\u00a0 Nuevo dise\u00f1o que cuenta con un cuerpo m\u00e1s robusto y f\u00e1cil higiene.<\/p>\n<p>&nbsp;<\/p>\n<h3>Asas<\/h3>\n<p>\u00b7\u00a0\u00a0\u00a0\u00a0\u00a0\u00a0\u00a0\u00a0 Agarraderas en ambos lados que permiten el aislamiento, evitando el riesgo de contaminaci\u00f3n cruzada.<\/p>\n<p>\u00b7\u00a0\u00a0\u00a0\u00a0\u00a0\u00a0\u00a0\u00a0 Desmontables y autoclavables.<\/p>\n<p>\u00b7\u00a0\u00a0\u00a0\u00a0\u00a0\u00a0\u00a0\u00a0 El posicionamiento de las asas permite elegir la posici\u00f3n de acuerdo con las necesidades del profesional.<\/p>\n<p>&nbsp;<\/p>\n<h3>Protector frontal<\/h3>\n<p>\u00b7\u00a0\u00a0\u00a0\u00a0\u00a0\u00a0\u00a0\u00a0 Extra\u00edble, construido de material duradero y transparente que protege el sistema \u00f3ptico contra los aerosoles.<\/p>\n","protected":false},"excerpt":{"rendered":"<p>Croma Air es un sill\u00f3n dental con m\u00e1s caracter\u00edsticas y un dise\u00f1o diferenciado que garantiza comodidad y durabilidad. Su silla tiene 6 puntos de apoyo ajustables y controles el\u00e9ctricos en el control de pie conectados a la base. El equipo dispone de bloqueo neum\u00e1tico, con movimiento en horizontal y vertical y la unidad de agua acompa\u00f1a los movimientos de descenso y subida de la silla.<\/p>\n","protected":false},"featured_media":18005,"template":"","meta":{"_acf_changed":false,"om_disable_all_campaigns":false,"_monsterinsights_skip_tracking":false,"_monsterinsights_sitenote_active":false,"_monsterinsights_sitenote_note":"","_monsterinsights_sitenote_category":0},"product_brand":[841],"product_cat":[826,771],"product_tag":[777,773,778],"class_list":{"0":"post-17987","1":"product","2":"type-product","3":"status-publish","4":"has-post-thumbnail","6":"product_brand-dabiatlante","7":"product_cat-conjuntos-dentales","8":"product_cat-sillones-dentales","9":"product_tag-costarica","10":"product_tag-sillondental","11":"product_tag-unidaddental","13":"first","14":"instock","15":"featured","16":"shipping-taxable","17":"product-type-variable","18":"has-default-attributes"},"acf":[],"aioseo_notices":[],"_links":{"self":[{"href":"https:\/\/equipardentalcr.com\/main\/wp-json\/wp\/v2\/product\/17987","targetHints":{"allow":["GET"]}}],"collection":[{"href":"https:\/\/equipardentalcr.com\/main\/wp-json\/wp\/v2\/product"}],"about":[{"href":"https:\/\/equipardentalcr.com\/main\/wp-json\/wp\/v2\/types\/product"}],"wp:featuredmedia":[{"embeddable":true,"href":"https:\/\/equipardentalcr.com\/main\/wp-json\/wp\/v2\/media\/18005"}],"wp:attachment":[{"href":"https:\/\/equipardentalcr.com\/main\/wp-json\/wp\/v2\/media?parent=17987"}],"wp:term":[{"taxonomy":"product_brand","embeddable":true,"href":"https:\/\/equipardentalcr.com\/main\/wp-json\/wp\/v2\/product_brand?post=17987"},{"taxonomy":"product_cat","embeddable":true,"href":"https:\/\/equipardentalcr.com\/main\/wp-json\/wp\/v2\/product_cat?post=17987"},{"taxonomy":"product_tag","embeddable":true,"href":"https:\/\/equipardentalcr.com\/main\/wp-json\/wp\/v2\/product_tag?post=17987"}],"curies":[{"name":"wp","href":"https:\/\/api.w.org\/{rel}","templated":true}]}}