{"id":17985,"date":"2025-03-10T21:38:59","date_gmt":"2025-03-10T21:38:59","guid":{"rendered":"https:\/\/equipardentalcr.com\/main\/?post_type=product&#038;p=17985"},"modified":"2025-03-12T05:18:45","modified_gmt":"2025-03-12T05:18:45","slug":"autoclave-21l","status":"publish","type":"product","link":"https:\/\/equipardentalcr.com\/main\/product\/autoclave-21l\/","title":{"rendered":"Autoclave 21L"},"content":{"rendered":"<p>La esterilizaci\u00f3n en autoclave tiene por objetivo destruir a los microorganismos por medio de alta presi\u00f3n y temperaturas elevadas, con la finalidad de prevenir infecciones y contaminaciones.<\/p>\n<p><strong>Capacidad del tanque: 21 litros<\/strong><\/p>\n<p><strong>Tanque de presi\u00f3n: en acero inoxidable&nbsp;<\/strong>R\u00e1pido calentamiento y enfriamiento del tanque.&nbsp;<br \/>&#8211; Seguridad y resistencia a los constantes procesos de calentamiento.&nbsp;<\/p>\n<p><strong>Bandejas: en acero inoxidable<\/strong>&nbsp;Excelente resistencia mec\u00e1nica y a las variaciones de temperatura, manteniendo las caracter\u00edsticas.&nbsp;<\/p>\n<p><strong>Puerta: en aluminio inyectado recubierto de acero inoxidable&nbsp;<\/strong><br \/>Aberturas leves y estables, asegurando cierre y veda adecuados durante todo el ciclo de esterilizaci\u00f3n.&nbsp;<\/p>\n<p><strong>Anillo sellador de la puerta: de silicona<\/strong><br \/>Excelente flexibilidad y resistencia a las variaciones de temperatura y presi\u00f3n, asegurando veda adecuada.&nbsp;<\/p>\n<p><strong>Indicaci\u00f3n para monitoreo: man\u00f3metro (presi\u00f3n \/ temperatura)<\/strong><br \/>Permite monitoreo adecuado de la temperatura y presi\u00f3n de trabajo, durante todo el ciclo de esterilizaci\u00f3n.&nbsp;<\/p>\n<p><strong>Tablero de mando:<\/strong>&nbsp;Posicionado en la parte frontal (indica operaciones \/ teclas de mando)&nbsp;<br \/>F\u00e1cil acceso y manejo. Permite operar el equipo de forma r\u00e1pida y precisa.&nbsp;<\/p>\n<p><strong>Desaeraci\u00f3n autom\u00e1tica<\/strong><br \/>Asegura temperatura uniforme y constante dentro del tanque durante el ciclo de esterilizaci\u00f3n.&nbsp;<\/p>\n<p><strong>Tensi\u00f3n de alimentaci\u00f3n: 127 y 220 voltios (con llave de conmutaci\u00f3n)&nbsp;<\/strong><br \/>Permite conexi\u00f3n en cualquier tensi\u00f3n de entrada en el rango de operaci\u00f3n.&nbsp;<br \/>Funcionamiento en 127V (entre 102V y 152V) y 220V (entre 198V y 264V).&nbsp;<\/p>\n<p><strong>Posee 18 sistemas de seguridad&nbsp;<\/strong><\/p>\n<p><strong>1 &#8211; Sistema electr\u00f3nico micro-controlado de tiempo y temperatura<\/strong><br \/>Garantiza la repetibilidad de los procesos de esterilizaci\u00f3n, dentro de los valores establecidos.&nbsp;<\/p>\n<p><strong>2 &#8211; Tecla de emergencia<\/strong><br \/>Accionada por el operador que interrumpe el ciclo en caso de emergencia&nbsp;<\/p>\n<p><strong>3 &#8211; Sistema electr\u00f3nico que interrumpe el ciclo de esterilizaci\u00f3n<\/strong><br \/>Act\u00faa en caso de que el ciclo de esterilizaci\u00f3n no empiece en hasta 45 minutos, eso puede ocurrir debido a la falla operacional, por falta o exceso de agua.&nbsp;<\/p>\n<p><strong>4 &#8211; Termostato<\/strong><br \/>Protege el sistema contra riesgos de elevaci\u00f3n excesiva de la temperatura en el conjunto de resistencias.<\/p>\n<p><strong>5 &#8211; Dos v\u00e1lvulas de sobrepresi\u00f3n ? sello de seguridad<\/strong><br \/>Act\u00faa si hay fallas de operaci\u00f3n en el que la presi\u00f3n puede exceder los l\u00edmites de seguridad, pretendiendo impedir la ocurrencia de los riesgos de sobrepresi\u00f3n.&nbsp;<\/p>\n<p><strong>6 &#8211; V\u00e1lvula de subpresi\u00f3n antivac\u00edo<\/strong><br \/>V\u00e1lvula mec\u00e1nica que act\u00faa durante la abertura de la puerta, con fines de liberar el flujo de aire para permitir su movimiento.&nbsp;<\/p>\n<p><strong>7 &#8211; V\u00e1lvula solenoide<\/strong><br \/>Act\u00faa en casos de ca\u00edda de energ\u00eda, garantizando despresurizaci\u00f3n del sistema.&nbsp;<\/p>\n<p><strong>8 &#8211; Anillo de silicona para veda de la puerta<\/strong><br \/>Act\u00faa en caso de elevaci\u00f3n excesiva de presi\u00f3n.&nbsp;<\/p>\n<p><strong>9 &#8211; Dispositivo con sistema de seguridad contra abertura accidental de la puerta<\/strong><br \/>Asegura la despresurizaci\u00f3n inmediata del sistema en casos de aberturas accidentales, no permitiendo que el desplazamiento del flujo de vapor sea encaminado al operador.&nbsp;<\/p>\n<p><strong>10 &#8211; Conjunto de fusibles el\u00e9ctricos<\/strong><br \/>Protegen contra riesgos de elevaci\u00f3n excesiva de corriente.<\/p>\n<p><strong>11 &#8211; Pies de goma<\/strong><br \/>Garantizan total estabilidad al conjunto.<\/p>\n<p><strong>12 &#8211; Filtro sinterizado<\/strong><br \/>Evita la obstrucci\u00f3n de las tuber\u00edas.&nbsp;<\/p>\n<p><strong>13 &#8211; Aislamiento t\u00e9rmico interno<\/strong><br \/>Garantiza que el ciclo de calentamiento ocurra con mayor velocidad, sin pierda de temperatura, y, todav\u00eda mantiene la temperatura externa del equipo, dentro de los l\u00edmites de seguridad aceptables.&nbsp;<\/p>\n<p><strong>14 &#8211; Manguera para drenaje del vapor<\/strong><br \/>Evita que el vapor de agua de la autoclave se libera en el medio ambiente.&nbsp;<\/p>\n<p><strong>15 &#8211; Resistencia tipo collar<\/strong><br \/>Resistencia m\u00e1s eficiente y segura. Evite el fuego y consume menos energ\u00eda.&nbsp;<\/p>\n<p><strong>16 &#8211; Cable sensor de temperatura<\/strong><br \/>No hay posibilidad de ineficiencia debido a un sensor de alta temperatura.&nbsp;<\/p>\n<p><strong>17 &#8211; Tuber\u00eda interna de cobre&nbsp;<\/strong><br \/>Previene fugas debido a la alta presi\u00f3n y temperatura<\/p>\n<p><strong>18 &#8211; Llave general<\/strong><br \/>Evita los choques. El profesional puede apagar cuando sea necesario o cuando hay una sobrecarga de energ\u00eda. No hay necesidad de quitar el cable de alimentaci\u00f3n de la toma.&nbsp;<\/p>\n<p><strong>Producto con certificado CE<\/strong><br \/>Comprueba que el equipo cumple con los m\u00e1s rigurosos est\u00e1ndares europeos de calidad.&nbsp;<\/p>\n<p><strong>Accesorios que acompa\u00f1an la Autoclave<\/strong><\/p>\n<p><strong>Manguera salida externa de vapor<\/strong><br \/>Es responsable por la expulsi\u00f3n del vapor.&nbsp;<\/p>\n<p><strong>Bandejas y soporte<\/strong><br \/>Soporte con tres bandejas sirven para evitar que los materiales a ser esterilizados est\u00e9n en contacto con las paredes laterales de la c\u00e1mara, del fondo y del agua.&nbsp;<\/p>\n<p><strong>Vaso graduado<\/strong><br \/>Es usado para dosificar la cantidad de agua destilada necesaria para cada ciclo de esterilizaci\u00f3n (350ml-380ml).&nbsp;<\/p>\n<p><strong>Agarrador bandeja<\/strong><br \/>Accesorio utilizado para manipular las bandejas, evitando el contacto directo del operador.<\/p>\n","protected":false},"excerpt":{"rendered":"<p>La esterilizaci\u00f3n en autoclave tiene por objetivo destruir a los microorganismos por medio de alta presi\u00f3n y temperaturas elevadas, con la finalidad de prevenir infecciones y contaminaciones.<\/p>\n","protected":false},"featured_media":18003,"template":"","meta":{"_acf_changed":false,"om_disable_all_campaigns":false,"_monsterinsights_skip_tracking":false,"_monsterinsights_sitenote_active":false,"_monsterinsights_sitenote_note":"","_monsterinsights_sitenote_category":0},"product_brand":[841],"product_cat":[769,768],"product_tag":[756,760,757,758,759,761],"class_list":{"0":"post-17985","1":"product","2":"type-product","3":"status-publish","4":"has-post-thumbnail","6":"product_brand-dabiatlante","7":"product_cat-21-litros","8":"product_cat-autoclaves","9":"product_tag-autoclave","10":"product_tag-cirugia","11":"product_tag-esterilizacion","12":"product_tag-odontologia","13":"product_tag-ortodoncia","14":"product_tag-salud","16":"first","17":"instock","18":"featured","19":"shipping-taxable","20":"product-type-simple"},"acf":[],"aioseo_notices":[],"_links":{"self":[{"href":"https:\/\/equipardentalcr.com\/main\/wp-json\/wp\/v2\/product\/17985","targetHints":{"allow":["GET"]}}],"collection":[{"href":"https:\/\/equipardentalcr.com\/main\/wp-json\/wp\/v2\/product"}],"about":[{"href":"https:\/\/equipardentalcr.com\/main\/wp-json\/wp\/v2\/types\/product"}],"wp:featuredmedia":[{"embeddable":true,"href":"https:\/\/equipardentalcr.com\/main\/wp-json\/wp\/v2\/media\/18003"}],"wp:attachment":[{"href":"https:\/\/equipardentalcr.com\/main\/wp-json\/wp\/v2\/media?parent=17985"}],"wp:term":[{"taxonomy":"product_brand","embeddable":true,"href":"https:\/\/equipardentalcr.com\/main\/wp-json\/wp\/v2\/product_brand?post=17985"},{"taxonomy":"product_cat","embeddable":true,"href":"https:\/\/equipardentalcr.com\/main\/wp-json\/wp\/v2\/product_cat?post=17985"},{"taxonomy":"product_tag","embeddable":true,"href":"https:\/\/equipardentalcr.com\/main\/wp-json\/wp\/v2\/product_tag?post=17985"}],"curies":[{"name":"wp","href":"https:\/\/api.w.org\/{rel}","templated":true}]}}